{"id":11008,"date":"2023-09-08T02:57:58","date_gmt":"2023-09-08T02:57:58","guid":{"rendered":"https:\/\/cpsconveyors.com.au\/?page_id=11008"},"modified":"2026-04-03T06:38:28","modified_gmt":"2026-04-03T06:38:28","slug":"yeloroll-breakdown","status":"publish","type":"page","link":"https:\/\/cpsconveyors.com.au\/es\/yeloroll-breakdown\/","title":{"rendered":"Yeloroll Breakdown"},"content":{"rendered":"<div class=\"wp-block-uagb-container uagb-block-5cce1337 alignfull uagb-is-root-container\"><div class=\"uagb-container-inner-blocks-wrap\">\n<div class=\"wp-block-uagb-container uagb-block-a813fd7a\">\n<figure class=\"wp-block-embed is-type-video is-provider-youtube wp-block-embed-youtube wp-embed-aspect-16-9 wp-has-aspect-ratio\"><div class=\"wp-block-embed__wrapper\">\n<iframe loading=\"lazy\" title=\"CPS Yeloroll HD Roller\" width=\"500\" height=\"281\" src=\"https:\/\/www.youtube.com\/embed\/BwmDExkvMFs?feature=oembed\" frameborder=\"0\" allow=\"accelerometer; autoplay; clipboard-write; encrypted-media; gyroscope; picture-in-picture; web-share\" referrerpolicy=\"strict-origin-when-cross-origin\" allowfullscreen><\/iframe>\n<\/div><\/figure>\n<\/div>\n\n\n\n<div class=\"wp-block-uagb-advanced-heading uagb-block-f8766a62\"><h2 class=\"uagb-heading-text\">Not All Yellow Rollers Are\u00a0<strong>Yeloroll<\/strong>\u00ae<\/h2><div class=\"uagb-separator\"><\/div><\/div>\n\n\n\n<div class=\"wp-block-uagb-advanced-heading uagb-block-539cffeb\"><h4 class=\"uagb-heading-text\"><strong>SKF Equipped and ISO 9001 certified,<\/strong>\u00a0the\u00a0<strong>CPS Yeloroll-HD composite roller<\/strong>\u00a0is a heavy-duty fibre-reinforced, low-noise roller that&#8217;s up to 45% lighter than equivalent steel rollers. Manufactured using Composite Bearing Housing (CBH) technology, CPS Yeloroll rollers feature a Triple Labyrinth sealing arrangement and a Non-rotational flinger.<\/h4><\/div>\n\n\n    <ul class=\"news-btn wp-block-button\"> \r\n        <li><a class=\"wp-block-button__link\" href=\"\/es\/contact-us\/\">Solicite informaci\u00f3n<\/a><\/li>\r\n\r\n                            <li>\r\n                    <a class=\"fancybox-inline data_link wp-block-button__link\" \r\n                       href=\"#dl-modal\" \r\n                       data-title=\"BRO Yeloroll HD\" \r\n                       data-link=\"\">\r\n                        Click to Download Brochure                    <\/a>\r\n                <\/li> \r\n                                    <li>\r\n                    <a class=\"fancybox-inline data_link wp-block-button__link\" \r\n                       href=\"#dl-modal\" \r\n                       data-title=\"CST South Flank Project\" \r\n                       data-link=\"https:\/\/cpsconveyors.com.au\/wp-content\/uploads\/2023\/08\/CPS-PCST-South-Flank-Project-min.pdf\">\r\n                        Download South Flank Project                    <\/a>\r\n                <\/li> \r\n                                    <li>\r\n                    <a class=\"fancybox-inline data_link wp-block-button__link\" \r\n                       href=\"#dl-modal\" \r\n                       data-title=\"Copper Lightweight Rollers for CODELCO\" \r\n                       data-link=\"https:\/\/cpsconveyors.com.au\/wp-content\/uploads\/2023\/08\/CPS_CS_Copper-Lightweight-Rollers-for-CODELCO-min.pdf\">\r\n                        Download Copper Mining Operations Case Study                    <\/a>\r\n                <\/li> \r\n                         \r\n\r\n    <\/ul> \r\n    \n\n\n\n<div class=\"wp-block-uagb-advanced-heading uagb-block-456c8f63\"><h4 class=\"uagb-heading-text\">Call&nbsp;<strong><a href=\"tel:+61 8 9458 4366\">+61 8 9458 4366<\/a><\/strong><\/h4><\/div>\n<\/div><\/div>\n\n\n\n<div id=\"top-footer\" class=\"wp-block-uagb-container uagb-block-dbe96949 alignfull uagb-is-root-container\"><div class=\"uagb-container-inner-blocks-wrap\">\n<div class=\"wp-block-uagb-container uagb-block-99362d85 alignfull uagb-is-root-container\"><div class=\"uagb-container-inner-blocks-wrap\">\n<div class=\"wp-block-uagb-container uagb-block-c1a7eb87 default uagb-is-root-container\">\n<div class=\"wp-block-uagb-advanced-heading uagb-block-609b96ec\"><h2 class=\"uagb-heading-text translation-block\">Descargue la \u00faltima gu\u00eda r\u00e1pida de referencia de nuestros productos\u200b\u200b<\/h2><p class=\"uagb-desc-text\">Consulte la gama de equipos fabricados para cintas transportadoras y las soluciones de ingenier\u00eda de CPS.<\/p><\/div>\n\n\n\n\n\n\n\n\n<div class=\"tf-btn wp-block-button\">\n<a class=\"wp-block-button__link\" href=\"\/es\/content-hub\/\">Vea todas las descargas<\/a>\n<a class=\"fancybox-inline data_link wp-block-button__link\" href=\"#dl-modal\" data-title=\"Quick Product Reference ES\" data-link=\"https:\/\/wpstaq-ap-southeast-2-media.s3.amazonaws.com\/cps-testserver\/wp-content\/uploads\/media\/2025\/09\/CPS-Guia-Rapida-de-referencia-min.pdf\" form-id=\"b2a927dd-55f7-4db1-941c-c0a73ed1ae79\" bis_skin_checked=\"1\">Descargue la Gu\u00eda r\u00e1pida de referencia<\/a>\n<\/div>\n\n<\/div>\n\n\n\n<div class=\"wp-block-uagb-container uagb-block-45cad744 default uagb-is-root-container\">\n<div class=\"wp-block-uagb-image alignright uagb-block-59dbb334 wp-block-uagb-image--layout-default wp-block-uagb-image--effect-static wp-block-uagb-image--align-right\"><figure class=\"wp-block-uagb-image__figure\"><img decoding=\"async\" srcset=\"https:\/\/cpsconveyors.com.au\/wp-content\/uploads\/2023\/08\/CPS-Quick-Product-Guide-01-1024x724.jpg ,https:\/\/cpsconveyors.com.au\/wp-content\/uploads\/2023\/08\/CPS-Quick-Product-Guide-01.jpg 780w, https:\/\/cpsconveyors.com.au\/wp-content\/uploads\/2023\/08\/CPS-Quick-Product-Guide-01.jpg 360w\" sizes=\"auto, (max-width: 480px) 150px\" src=\"https:\/\/cpsconveyors.com.au\/wp-content\/uploads\/2023\/08\/CPS-Quick-Product-Guide-01-1024x724.jpg\" alt=\"This is an image of the CPS Product Guide 2025 title page\" class=\"uag-image-13983\" width=\"360\" height=\"255\" title=\"CPS-Quick-Product-Guide-01\" loading=\"lazy\" role=\"img\"\/><\/figure><\/div>\n<\/div>\n<\/div><\/div>\n<\/div><\/div>","protected":false},"excerpt":{"rendered":"<p>Not All Yellow Rollers Are\u00a0Yeloroll\u00ae SKF Equipped and ISO 9001 certified,\u00a0the\u00a0CPS Yeloroll-HD composite roller\u00a0is a heavy-duty fibre-reinforced, low-noise roller that&#8217;s up to 45% lighter than equivalent steel rollers. Manufactured using Composite Bearing Housing (CBH) technology, CPS Yeloroll rollers feature a Triple Labyrinth sealing arrangement and a Non-rotational flinger. Call&nbsp;+61 8 9458 4366<\/p>","protected":false},"author":1,"featured_media":0,"parent":0,"menu_order":0,"comment_status":"closed","ping_status":"closed","template":"","meta":{"_uag_custom_page_level_css":".wp-block-uagb-advanced-heading .uagb-heading-text strong {\n    color: var(--ast-global-color-1);\n}\n#content main .news-btn li a {\n    color: #fff;\n}\n#content main .news-btn li a:hover {\n    color: var(--ast-global-color-6);\n}","site-sidebar-layout":"no-sidebar","site-content-layout":"page-builder","ast-site-content-layout":"full-width-container","site-content-style":"unboxed","site-sidebar-style":"unboxed","ast-global-header-display":"","ast-banner-title-visibility":"","ast-main-header-display":"","ast-hfb-above-header-display":"","ast-hfb-below-header-display":"","ast-hfb-mobile-header-display":"","site-post-title":"disabled","ast-breadcrumbs-content":"","ast-featured-img":"disabled","footer-sml-layout":"","ast-disable-related-posts":"","theme-transparent-header-meta":"default","adv-header-id-meta":"","stick-header-meta":"","header-above-stick-meta":"","header-main-stick-meta":"","header-below-stick-meta":"","astra-migrate-meta-layouts":"set","ast-page-background-enabled":"default","ast-page-background-meta":{"desktop":{"background-color":"var(--ast-global-color-4)","background-image":"","background-repeat":"repeat","background-position":"center center","background-size":"auto","background-attachment":"scroll","background-type":"","background-media":"","overlay-type":"","overlay-color":"","overlay-opacity":"","overlay-gradient":""},"tablet":{"background-color":"","background-image":"","background-repeat":"repeat","background-position":"center center","background-size":"auto","background-attachment":"scroll","background-type":"","background-media":"","overlay-type":"","overlay-color":"","overlay-opacity":"","overlay-gradient":""},"mobile":{"background-color":"","background-image":"","background-repeat":"repeat","background-position":"center center","background-size":"auto","background-attachment":"scroll","background-type":"","background-media":"","overlay-type":"","overlay-color":"","overlay-opacity":"","overlay-gradient":""}},"ast-content-background-meta":{"desktop":{"background-color":"var(--ast-global-color-5)","background-image":"","background-repeat":"repeat","background-position":"center center","background-size":"auto","background-attachment":"scroll","background-type":"","background-media":"","overlay-type":"","overlay-color":"","overlay-opacity":"","overlay-gradient":""},"tablet":{"background-color":"var(--ast-global-color-5)","background-image":"","background-repeat":"repeat","background-position":"center center","background-size":"auto","background-attachment":"scroll","background-type":"","background-media":"","overlay-type":"","overlay-color":"","overlay-opacity":"","overlay-gradient":""},"mobile":{"background-color":"var(--ast-global-color-5)","background-image":"","background-repeat":"repeat","background-position":"center center","background-size":"auto","background-attachment":"scroll","background-type":"","background-media":"","overlay-type":"","overlay-color":"","overlay-opacity":"","overlay-gradient":""}},"footnotes":""},"class_list":["post-11008","page","type-page","status-publish","hentry"],"acf":[],"yoast_head":"<!-- This site is optimized with the Yoast SEO plugin v26.9 - https:\/\/yoast.com\/product\/yoast-seo-wordpress\/ -->\n<title>Yeloroll Breakdown | CPS Composite Roller<\/title>\n<meta name=\"description\" content=\"Not all yellow rollers are Yeloroll. CPS breaks down the CBH technology, triple labyrinth sealing, and fibre-reinforced HDPE shell that make Yeloroll-HD the genuine composite roller.\" \/>\n<meta name=\"robots\" content=\"index, follow, max-snippet:-1, max-image-preview:large, max-video-preview:-1\" \/>\n<link rel=\"canonical\" href=\"https:\/\/cpsconveyors.com.au\/es\/yeloroll-breakdown\/\" \/>\n<meta property=\"og:locale\" content=\"es_ES\" \/>\n<meta property=\"og:type\" content=\"article\" \/>\n<meta property=\"og:title\" content=\"Yeloroll Breakdown | CPS Composite Roller\" \/>\n<meta property=\"og:description\" content=\"Not all yellow rollers are Yeloroll. CPS breaks down the CBH technology, triple labyrinth sealing, and fibre-reinforced HDPE shell that make Yeloroll-HD the genuine composite roller.\" \/>\n<meta property=\"og:url\" content=\"https:\/\/cpsconveyors.com.au\/es\/yeloroll-breakdown\/\" \/>\n<meta property=\"og:site_name\" content=\"CPS Conveyors | Conveyor Product and Solutions\" \/>\n<meta property=\"article:modified_time\" content=\"2026-04-03T06:38:28+00:00\" \/>\n<meta name=\"twitter:card\" content=\"summary_large_image\" \/>\n<meta name=\"twitter:label1\" content=\"Tiempo estimado de lectura\" \/>\n\t<meta name=\"twitter:data1\" content=\"1 minuto\" \/>\n<script type=\"application\/ld+json\" class=\"yoast-schema-graph\">{\"@context\":\"https:\/\/schema.org\",\"@graph\":[{\"@type\":\"WebPage\",\"@id\":\"https:\/\/cpsconveyors.com.au\/yeloroll-breakdown\/\",\"url\":\"https:\/\/cpsconveyors.com.au\/yeloroll-breakdown\/\",\"name\":\"Yeloroll Breakdown | CPS Composite Roller\",\"isPartOf\":{\"@id\":\"https:\/\/cpsconveyors.com.au\/#website\"},\"datePublished\":\"2023-09-08T02:57:58+00:00\",\"dateModified\":\"2026-04-03T06:38:28+00:00\",\"description\":\"Not all yellow rollers are Yeloroll. CPS breaks down the CBH technology, triple labyrinth sealing, and fibre-reinforced HDPE shell that make Yeloroll-HD the genuine composite roller.\",\"breadcrumb\":{\"@id\":\"https:\/\/cpsconveyors.com.au\/yeloroll-breakdown\/#breadcrumb\"},\"inLanguage\":\"es-CL\",\"potentialAction\":[{\"@type\":\"ReadAction\",\"target\":[\"https:\/\/cpsconveyors.com.au\/yeloroll-breakdown\/\"]}]},{\"@type\":\"BreadcrumbList\",\"@id\":\"https:\/\/cpsconveyors.com.au\/yeloroll-breakdown\/#breadcrumb\",\"itemListElement\":[{\"@type\":\"ListItem\",\"position\":1,\"name\":\"Home\",\"item\":\"https:\/\/cpsconveyors.com.au\/\"},{\"@type\":\"ListItem\",\"position\":2,\"name\":\"Yeloroll Breakdown\"}]},{\"@type\":\"WebSite\",\"@id\":\"https:\/\/cpsconveyors.com.au\/#website\",\"url\":\"https:\/\/cpsconveyors.com.au\/\",\"name\":\"CPS Conveyors | Conveyor Product and Solutions\",\"description\":\"\",\"publisher\":{\"@id\":\"https:\/\/cpsconveyors.com.au\/#organization\"},\"potentialAction\":[{\"@type\":\"SearchAction\",\"target\":{\"@type\":\"EntryPoint\",\"urlTemplate\":\"https:\/\/cpsconveyors.com.au\/?s={search_term_string}\"},\"query-input\":{\"@type\":\"PropertyValueSpecification\",\"valueRequired\":true,\"valueName\":\"search_term_string\"}}],\"inLanguage\":\"es-CL\"},{\"@type\":\"Organization\",\"@id\":\"https:\/\/cpsconveyors.com.au\/#organization\",\"name\":\"CPS Conveyors | Conveyor Product and Solutions\",\"url\":\"https:\/\/cpsconveyors.com.au\/\",\"logo\":{\"@type\":\"ImageObject\",\"inLanguage\":\"es-CL\",\"@id\":\"https:\/\/cpsconveyors.com.au\/#\/schema\/logo\/image\/\",\"url\":\"https:\/\/cpsconveyors.com.au\/wp-content\/uploads\/2023\/08\/CPS-Logo.png\",\"contentUrl\":\"https:\/\/cpsconveyors.com.au\/wp-content\/uploads\/2023\/08\/CPS-Logo.png\",\"width\":270,\"height\":75,\"caption\":\"CPS Conveyors | Conveyor Product and Solutions\"},\"image\":{\"@id\":\"https:\/\/cpsconveyors.com.au\/#\/schema\/logo\/image\/\"}}]}<\/script>\n<!-- \/ Yoast SEO plugin. -->","yoast_head_json":{"title":"Yeloroll Breakdown | CPS Composite Roller","description":"Not all yellow rollers are Yeloroll. CPS breaks down the CBH technology, triple labyrinth sealing, and fibre-reinforced HDPE shell that make Yeloroll-HD the genuine composite roller.","robots":{"index":"index","follow":"follow","max-snippet":"max-snippet:-1","max-image-preview":"max-image-preview:large","max-video-preview":"max-video-preview:-1"},"canonical":"https:\/\/cpsconveyors.com.au\/es\/yeloroll-breakdown\/","og_locale":"es_ES","og_type":"article","og_title":"Yeloroll Breakdown | CPS Composite Roller","og_description":"Not all yellow rollers are Yeloroll. CPS breaks down the CBH technology, triple labyrinth sealing, and fibre-reinforced HDPE shell that make Yeloroll-HD the genuine composite roller.","og_url":"https:\/\/cpsconveyors.com.au\/es\/yeloroll-breakdown\/","og_site_name":"CPS Conveyors | Conveyor Product and Solutions","article_modified_time":"2026-04-03T06:38:28+00:00","twitter_card":"summary_large_image","twitter_misc":{"Tiempo estimado de lectura":"1 minuto"},"schema":{"@context":"https:\/\/schema.org","@graph":[{"@type":"WebPage","@id":"https:\/\/cpsconveyors.com.au\/yeloroll-breakdown\/","url":"https:\/\/cpsconveyors.com.au\/yeloroll-breakdown\/","name":"Yeloroll Breakdown | CPS Composite Roller","isPartOf":{"@id":"https:\/\/cpsconveyors.com.au\/#website"},"datePublished":"2023-09-08T02:57:58+00:00","dateModified":"2026-04-03T06:38:28+00:00","description":"Not all yellow rollers are Yeloroll. CPS breaks down the CBH technology, triple labyrinth sealing, and fibre-reinforced HDPE shell that make Yeloroll-HD the genuine composite roller.","breadcrumb":{"@id":"https:\/\/cpsconveyors.com.au\/yeloroll-breakdown\/#breadcrumb"},"inLanguage":"es-CL","potentialAction":[{"@type":"ReadAction","target":["https:\/\/cpsconveyors.com.au\/yeloroll-breakdown\/"]}]},{"@type":"BreadcrumbList","@id":"https:\/\/cpsconveyors.com.au\/yeloroll-breakdown\/#breadcrumb","itemListElement":[{"@type":"ListItem","position":1,"name":"Home","item":"https:\/\/cpsconveyors.com.au\/"},{"@type":"ListItem","position":2,"name":"Yeloroll Breakdown"}]},{"@type":"WebSite","@id":"https:\/\/cpsconveyors.com.au\/#website","url":"https:\/\/cpsconveyors.com.au\/","name":"CPS Conveyors | Conveyor Product and Solutions","description":"","publisher":{"@id":"https:\/\/cpsconveyors.com.au\/#organization"},"potentialAction":[{"@type":"SearchAction","target":{"@type":"EntryPoint","urlTemplate":"https:\/\/cpsconveyors.com.au\/?s={search_term_string}"},"query-input":{"@type":"PropertyValueSpecification","valueRequired":true,"valueName":"search_term_string"}}],"inLanguage":"es-CL"},{"@type":"Organization","@id":"https:\/\/cpsconveyors.com.au\/#organization","name":"CPS Conveyors | Conveyor Product and Solutions","url":"https:\/\/cpsconveyors.com.au\/","logo":{"@type":"ImageObject","inLanguage":"es-CL","@id":"https:\/\/cpsconveyors.com.au\/#\/schema\/logo\/image\/","url":"https:\/\/cpsconveyors.com.au\/wp-content\/uploads\/2023\/08\/CPS-Logo.png","contentUrl":"https:\/\/cpsconveyors.com.au\/wp-content\/uploads\/2023\/08\/CPS-Logo.png","width":270,"height":75,"caption":"CPS Conveyors | Conveyor Product and Solutions"},"image":{"@id":"https:\/\/cpsconveyors.com.au\/#\/schema\/logo\/image\/"}}]}},"uagb_featured_image_src":{"full":false,"thumbnail":false,"medium":false,"medium_large":false,"large":false,"1536x1536":false,"2048x2048":false,"trp-custom-language-flag":false,"gform-image-choice-sm":false,"gform-image-choice-md":false,"gform-image-choice-lg":false},"uagb_author_info":{"display_name":"CPS Conveyors","author_link":"https:\/\/cpsconveyors.com.au\/es\/author\/teamagency\/"},"uagb_comment_info":0,"uagb_excerpt":"Not All Yellow Rollers Are\u00a0Yeloroll\u00ae SKF Equipped and ISO 9001 certified,\u00a0the\u00a0CPS Yeloroll-HD composite roller\u00a0is a heavy-duty fibre-reinforced, low-noise roller that&#8217;s up to 45% lighter than equivalent steel rollers. Manufactured using Composite Bearing Housing (CBH) technology, CPS Yeloroll rollers feature a Triple Labyrinth sealing arrangement and a Non-rotational flinger. Call&nbsp;+61 8 9458 4366","_links":{"self":[{"href":"https:\/\/cpsconveyors.com.au\/es\/wp-json\/wp\/v2\/pages\/11008","targetHints":{"allow":["GET"]}}],"collection":[{"href":"https:\/\/cpsconveyors.com.au\/es\/wp-json\/wp\/v2\/pages"}],"about":[{"href":"https:\/\/cpsconveyors.com.au\/es\/wp-json\/wp\/v2\/types\/page"}],"author":[{"embeddable":true,"href":"https:\/\/cpsconveyors.com.au\/es\/wp-json\/wp\/v2\/users\/1"}],"replies":[{"embeddable":true,"href":"https:\/\/cpsconveyors.com.au\/es\/wp-json\/wp\/v2\/comments?post=11008"}],"version-history":[{"count":1,"href":"https:\/\/cpsconveyors.com.au\/es\/wp-json\/wp\/v2\/pages\/11008\/revisions"}],"predecessor-version":[{"id":14453,"href":"https:\/\/cpsconveyors.com.au\/es\/wp-json\/wp\/v2\/pages\/11008\/revisions\/14453"}],"wp:attachment":[{"href":"https:\/\/cpsconveyors.com.au\/es\/wp-json\/wp\/v2\/media?parent=11008"}],"curies":[{"name":"wp","href":"https:\/\/api.w.org\/{rel}","templated":true}]}}