{"id":11025,"date":"2023-09-08T04:06:42","date_gmt":"2023-09-08T04:06:42","guid":{"rendered":"https:\/\/cpsconveyors.com.au\/?page_id=11025"},"modified":"2026-03-25T03:24:13","modified_gmt":"2026-03-25T03:24:13","slug":"cps-training-frames","status":"publish","type":"page","link":"https:\/\/cpsconveyors.com.au\/es\/cps-training-frames\/","title":{"rendered":"CPS Training Frames"},"content":{"rendered":"<div class=\"wp-block-uagb-container uagb-block-5cce1337 alignfull uagb-is-root-container\"><div class=\"uagb-container-inner-blocks-wrap\">\n<div class=\"wp-block-uagb-container uagb-block-a813fd7a\">\n<figure class=\"wp-block-embed is-type-video is-provider-youtube wp-block-embed-youtube wp-embed-aspect-16-9 wp-has-aspect-ratio\"><div class=\"wp-block-embed__wrapper\">\n<iframe loading=\"lazy\" title=\"CPS Training Frames: Premium Belt Tracking Action\" width=\"500\" height=\"281\" src=\"https:\/\/www.youtube.com\/embed\/C8bThdkM378?feature=oembed\" frameborder=\"0\" allow=\"accelerometer; autoplay; clipboard-write; encrypted-media; gyroscope; picture-in-picture; web-share\" referrerpolicy=\"strict-origin-when-cross-origin\" allowfullscreen><\/iframe>\n<\/div><\/figure>\n<\/div>\n\n\n\n<div class=\"wp-block-uagb-advanced-heading uagb-block-f8766a62\"><h2 class=\"uagb-heading-text\"><strong>CPS Conveyor Belt Tracking Frames:<\/strong> <br>Smooth, Accurate and Reliable<\/h2><div class=\"uagb-separator\"><\/div><\/div>\n\n\n\n<div class=\"wp-block-uagb-advanced-heading uagb-block-539cffeb\"><h4 class=\"uagb-heading-text\"><strong>CPS Belt Tracking Frames\u00a0are designed and equipped with\u00a0CPS dual bearing pivot\u00a0for smooth, accurate and reliable belt tracking functions that are built to last.<\/strong><br><br><strong>These frames can be manufactured in all typical frame configurations as well as specifically engineered for all conveyor applications.<\/strong><\/h4><\/div>\n\n\n\n<div class=\"wp-block-uagb-advanced-heading uagb-block-c7febb64\"><h4 class=\"uagb-heading-text\"><strong>Benefits<\/strong><\/h4><\/div>\n\n\n\n<ul class=\"has-ast-global-color-5-color has-text-color wp-block-list\">\n<li>The CPS dual bearing pivot features SKF tapper and thrust bearings as standard and is significantly improved upon other pivots in the industry.<\/li>\n\n\n\n<li>Integrated pivot triple labyrinth and contact seal to prevent ingress.<\/li>\n\n\n\n<li>Fully adjustable guide arms allow for accurate installation, critical to the efficient tracking of your conveyor belt.<\/li>\n\n\n\n<li>Multiple guide roller options available; including the New PU guide roller.<\/li>\n\n\n\n<li>Available in both typical and application-specific frame configurations.<\/li>\n<\/ul>\n\n\n    <ul class=\"news-btn wp-block-button\"> \r\n        <li><a class=\"wp-block-button__link\" href=\"\/es\/contact-us\/\">Solicite informaci\u00f3n<\/a><\/li>\r\n\r\n                            <li>\r\n                    <a class=\"fancybox-inline data_link wp-block-button__link\" \r\n                       href=\"#dl-modal\" \r\n                       data-title=\"BRO CPS Training Frames\" \r\n                       data-link=\"https:\/\/cpsconveyors.com.au\/wp-content\/uploads\/2023\/08\/CPS-BRO-CPS-Training-frames-min.pdf\">\r\n                        Click to Download Brochure                    <\/a>\r\n                <\/li> \r\n                         \r\n\r\n    <\/ul> \r\n    \n\n\n\n<div class=\"wp-block-uagb-advanced-heading uagb-block-456c8f63\"><h4 class=\"uagb-heading-text\">Call&nbsp;<strong><a href=\"tel:+61 8 9458 4366\">+61 8 9458 4366<\/a><\/strong><\/h4><\/div>\n<\/div><\/div>\n\n\n\n<div id=\"top-footer\" class=\"wp-block-uagb-container uagb-block-dbe96949 alignfull uagb-is-root-container\"><div class=\"uagb-container-inner-blocks-wrap\">\n<div class=\"wp-block-uagb-container uagb-block-99362d85 alignfull uagb-is-root-container\"><div class=\"uagb-container-inner-blocks-wrap\">\n<div class=\"wp-block-uagb-container uagb-block-c1a7eb87 default uagb-is-root-container\">\n<div class=\"wp-block-uagb-advanced-heading uagb-block-609b96ec\"><h2 class=\"uagb-heading-text translation-block\">Descargue la \u00faltima gu\u00eda r\u00e1pida de referencia de nuestros productos\u200b\u200b<\/h2><p class=\"uagb-desc-text\">Consulte la gama de equipos fabricados para cintas transportadoras y las soluciones de ingenier\u00eda de CPS.<\/p><\/div>\n\n\n\n\n\n\n\n\n<div class=\"tf-btn wp-block-button\">\n<a class=\"wp-block-button__link\" href=\"\/es\/content-hub\/\">Vea todas las descargas<\/a>\n<a class=\"fancybox-inline data_link wp-block-button__link\" href=\"#dl-modal\" data-title=\"Quick Product Reference ES\" data-link=\"https:\/\/cpsconveyors.com.au\/wp-content\/uploads\/2025\/09\/CPS-Guia-Rapida-de-referencia-min.pdf\" form-id=\"b2a927dd-55f7-4db1-941c-c0a73ed1ae79\" bis_skin_checked=\"1\">Descargue la Gu\u00eda r\u00e1pida de referencia<\/a>\n<\/div>\n\n<\/div>\n\n\n\n<div class=\"wp-block-uagb-container uagb-block-45cad744 default uagb-is-root-container\">\n<div class=\"wp-block-uagb-image alignright uagb-block-59dbb334 wp-block-uagb-image--layout-default wp-block-uagb-image--effect-static wp-block-uagb-image--align-right\"><figure class=\"wp-block-uagb-image__figure\"><img decoding=\"async\" srcset=\"https:\/\/cpsconveyors.com.au\/wp-content\/uploads\/2025\/09\/CPS-Guia-Rapida-de-referencia.png 500w, https:\/\/cpsconveyors.com.au\/wp-content\/uploads\/2025\/09\/CPS-Guia-Rapida-de-referencia-300x212.png 300w, https:\/\/cpsconveyors.com.au\/wp-content\/uploads\/2025\/09\/CPS-Guia-Rapida-de-referencia-18x12.png 18w\" sizes=\"auto, (max-width: 480px) 150px\" src=\"https:\/\/cpsconveyors.com.au\/wp-content\/uploads\/2025\/09\/CPS-Guia-Rapida-de-referencia.png\" alt=\"This is an image of the CPS Product Guide 2025 title page\" class=\"uag-image-13983\" width=\"360\" height=\"255\" title=\"CPS-Quick-Product-Guide-01\" loading=\"lazy\" role=\"img\"\/><\/figure><\/div>\n<\/div>\n<\/div><\/div>\n<\/div><\/div>","protected":false},"excerpt":{"rendered":"<p>CPS Conveyor Belt Tracking Frames: Smooth, Accurate and Reliable CPS Belt Tracking Frames\u00a0are designed and equipped with\u00a0CPS dual bearing pivot\u00a0for smooth, accurate and reliable belt tracking functions that are built to last. These frames can be manufactured in all typical frame configurations as well as specifically engineered for all conveyor applications. Benefits Call&nbsp;+61 8 9458 [&hellip;]<\/p>","protected":false},"author":1,"featured_media":0,"parent":0,"menu_order":0,"comment_status":"closed","ping_status":"closed","template":"","meta":{"_uag_custom_page_level_css":".wp-block-uagb-advanced-heading .uagb-heading-text strong {\n    color: var(--ast-global-color-1);\n}\n#content main .news-btn li a {\n    color: #fff;\n}\n#content main .news-btn li a:hover {\n    color: var(--ast-global-color-6);\n}\nul li {\n    color: #fff !important;\n}","site-sidebar-layout":"no-sidebar","site-content-layout":"page-builder","ast-site-content-layout":"full-width-container","site-content-style":"unboxed","site-sidebar-style":"unboxed","ast-global-header-display":"","ast-banner-title-visibility":"","ast-main-header-display":"","ast-hfb-above-header-display":"","ast-hfb-below-header-display":"","ast-hfb-mobile-header-display":"","site-post-title":"disabled","ast-breadcrumbs-content":"","ast-featured-img":"disabled","footer-sml-layout":"","ast-disable-related-posts":"","theme-transparent-header-meta":"default","adv-header-id-meta":"","stick-header-meta":"","header-above-stick-meta":"","header-main-stick-meta":"","header-below-stick-meta":"","astra-migrate-meta-layouts":"set","ast-page-background-enabled":"default","ast-page-background-meta":{"desktop":{"background-color":"var(--ast-global-color-4)","background-image":"","background-repeat":"repeat","background-position":"center center","background-size":"auto","background-attachment":"scroll","background-type":"","background-media":"","overlay-type":"","overlay-color":"","overlay-opacity":"","overlay-gradient":""},"tablet":{"background-color":"","background-image":"","background-repeat":"repeat","background-position":"center center","background-size":"auto","background-attachment":"scroll","background-type":"","background-media":"","overlay-type":"","overlay-color":"","overlay-opacity":"","overlay-gradient":""},"mobile":{"background-color":"","background-image":"","background-repeat":"repeat","background-position":"center center","background-size":"auto","background-attachment":"scroll","background-type":"","background-media":"","overlay-type":"","overlay-color":"","overlay-opacity":"","overlay-gradient":""}},"ast-content-background-meta":{"desktop":{"background-color":"var(--ast-global-color-5)","background-image":"","background-repeat":"repeat","background-position":"center center","background-size":"auto","background-attachment":"scroll","background-type":"","background-media":"","overlay-type":"","overlay-color":"","overlay-opacity":"","overlay-gradient":""},"tablet":{"background-color":"var(--ast-global-color-5)","background-image":"","background-repeat":"repeat","background-position":"center center","background-size":"auto","background-attachment":"scroll","background-type":"","background-media":"","overlay-type":"","overlay-color":"","overlay-opacity":"","overlay-gradient":""},"mobile":{"background-color":"var(--ast-global-color-5)","background-image":"","background-repeat":"repeat","background-position":"center center","background-size":"auto","background-attachment":"scroll","background-type":"","background-media":"","overlay-type":"","overlay-color":"","overlay-opacity":"","overlay-gradient":""}},"footnotes":""},"class_list":["post-11025","page","type-page","status-publish","hentry"],"acf":[],"yoast_head":"<!-- This site is optimized with the Yoast SEO plugin v26.9 - https:\/\/yoast.com\/product\/yoast-seo-wordpress\/ -->\n<title>CPS Conveyor Training Frames | Belt Tracking Solutions<\/title>\n<meta name=\"description\" content=\"CPS training frames use a dual bearing pivot to actively realign carry and return belts. Serviceable, replaceable pivot assembly, custom-made for any belt width.\" \/>\n<meta name=\"robots\" content=\"index, follow, max-snippet:-1, max-image-preview:large, max-video-preview:-1\" \/>\n<link rel=\"canonical\" href=\"https:\/\/cpsconveyors.com.au\/es\/cps-training-frames\/\" \/>\n<meta property=\"og:locale\" content=\"es_ES\" \/>\n<meta property=\"og:type\" content=\"article\" \/>\n<meta property=\"og:title\" content=\"CPS Conveyor Training Frames | Belt Tracking Solutions\" \/>\n<meta property=\"og:description\" content=\"CPS training frames use a dual bearing pivot to actively realign carry and return belts. Serviceable, replaceable pivot assembly, custom-made for any belt width.\" \/>\n<meta property=\"og:url\" content=\"https:\/\/cpsconveyors.com.au\/es\/cps-training-frames\/\" \/>\n<meta property=\"og:site_name\" content=\"CPS Conveyors | Conveyor Product and Solutions\" \/>\n<meta property=\"article:modified_time\" content=\"2026-03-25T03:24:13+00:00\" \/>\n<meta name=\"twitter:card\" content=\"summary_large_image\" \/>\n<meta name=\"twitter:label1\" content=\"Tiempo estimado de lectura\" \/>\n\t<meta name=\"twitter:data1\" content=\"2 minutos\" \/>\n<!-- \/ Yoast SEO plugin. -->","yoast_head_json":{"title":"CPS Conveyor Training Frames | Belt Tracking Solutions","description":"CPS training frames use a dual bearing pivot to actively realign carry and return belts. Serviceable, replaceable pivot assembly, custom-made for any belt width.","robots":{"index":"index","follow":"follow","max-snippet":"max-snippet:-1","max-image-preview":"max-image-preview:large","max-video-preview":"max-video-preview:-1"},"canonical":"https:\/\/cpsconveyors.com.au\/es\/cps-training-frames\/","og_locale":"es_ES","og_type":"article","og_title":"CPS Conveyor Training Frames | Belt Tracking Solutions","og_description":"CPS training frames use a dual bearing pivot to actively realign carry and return belts. Serviceable, replaceable pivot assembly, custom-made for any belt width.","og_url":"https:\/\/cpsconveyors.com.au\/es\/cps-training-frames\/","og_site_name":"CPS Conveyors | Conveyor Product and Solutions","article_modified_time":"2026-03-25T03:24:13+00:00","twitter_card":"summary_large_image","twitter_misc":{"Tiempo estimado de lectura":"2 minutos"},"schema":{"@context":"https:\/\/schema.org","@graph":[{"@type":"WebPage","@id":"https:\/\/cpsconveyors.com.au\/cps-training-frames\/","url":"https:\/\/cpsconveyors.com.au\/cps-training-frames\/","name":"CPS Conveyor Training Frames | Belt Tracking Solutions","isPartOf":{"@id":"https:\/\/cpsconveyors.com.au\/#website"},"datePublished":"2023-09-08T04:06:42+00:00","dateModified":"2026-03-25T03:24:13+00:00","description":"CPS training frames use a dual bearing pivot to actively realign carry and return belts. Serviceable, replaceable pivot assembly, custom-made for any belt width.","breadcrumb":{"@id":"https:\/\/cpsconveyors.com.au\/cps-training-frames\/#breadcrumb"},"inLanguage":"es-CL","potentialAction":[{"@type":"ReadAction","target":["https:\/\/cpsconveyors.com.au\/cps-training-frames\/"]}]},{"@type":"BreadcrumbList","@id":"https:\/\/cpsconveyors.com.au\/cps-training-frames\/#breadcrumb","itemListElement":[{"@type":"ListItem","position":1,"name":"Home","item":"https:\/\/cpsconveyors.com.au\/"},{"@type":"ListItem","position":2,"name":"CPS Training Frames"}]},{"@type":"WebSite","@id":"https:\/\/cpsconveyors.com.au\/#website","url":"https:\/\/cpsconveyors.com.au\/","name":"CPS Conveyors | Conveyor Product and Solutions","description":"","publisher":{"@id":"https:\/\/cpsconveyors.com.au\/#organization"},"potentialAction":[{"@type":"SearchAction","target":{"@type":"EntryPoint","urlTemplate":"https:\/\/cpsconveyors.com.au\/?s={search_term_string}"},"query-input":{"@type":"PropertyValueSpecification","valueRequired":true,"valueName":"search_term_string"}}],"inLanguage":"es-CL"},{"@type":"Organization","@id":"https:\/\/cpsconveyors.com.au\/#organization","name":"CPS Conveyors | Conveyor Product and Solutions","url":"https:\/\/cpsconveyors.com.au\/","logo":{"@type":"ImageObject","inLanguage":"es-CL","@id":"https:\/\/cpsconveyors.com.au\/#\/schema\/logo\/image\/","url":"https:\/\/cpsconveyors.com.au\/wp-content\/uploads\/2023\/08\/CPS-Logo.png","contentUrl":"https:\/\/cpsconveyors.com.au\/wp-content\/uploads\/2023\/08\/CPS-Logo.png","width":270,"height":75,"caption":"CPS Conveyors | Conveyor Product and Solutions"},"image":{"@id":"https:\/\/cpsconveyors.com.au\/#\/schema\/logo\/image\/"}}]}},"uagb_featured_image_src":{"full":false,"thumbnail":false,"medium":false,"medium_large":false,"large":false,"1536x1536":false,"2048x2048":false,"trp-custom-language-flag":false,"gform-image-choice-sm":false,"gform-image-choice-md":false,"gform-image-choice-lg":false},"uagb_author_info":{"display_name":"CPS Conveyors","author_link":"https:\/\/cpsconveyors.com.au\/es\/author\/teamagency\/"},"uagb_comment_info":0,"uagb_excerpt":"CPS Conveyor Belt Tracking Frames: Smooth, Accurate and Reliable CPS Belt Tracking Frames\u00a0are designed and equipped with\u00a0CPS dual bearing pivot\u00a0for smooth, accurate and reliable belt tracking functions that are built to last. These frames can be manufactured in all typical frame configurations as well as specifically engineered for all conveyor applications. Benefits Call&nbsp;+61 8 9458&hellip;","_links":{"self":[{"href":"https:\/\/cpsconveyors.com.au\/es\/wp-json\/wp\/v2\/pages\/11025","targetHints":{"allow":["GET"]}}],"collection":[{"href":"https:\/\/cpsconveyors.com.au\/es\/wp-json\/wp\/v2\/pages"}],"about":[{"href":"https:\/\/cpsconveyors.com.au\/es\/wp-json\/wp\/v2\/types\/page"}],"author":[{"embeddable":true,"href":"https:\/\/cpsconveyors.com.au\/es\/wp-json\/wp\/v2\/users\/1"}],"replies":[{"embeddable":true,"href":"https:\/\/cpsconveyors.com.au\/es\/wp-json\/wp\/v2\/comments?post=11025"}],"version-history":[{"count":1,"href":"https:\/\/cpsconveyors.com.au\/es\/wp-json\/wp\/v2\/pages\/11025\/revisions"}],"predecessor-version":[{"id":14377,"href":"https:\/\/cpsconveyors.com.au\/es\/wp-json\/wp\/v2\/pages\/11025\/revisions\/14377"}],"wp:attachment":[{"href":"https:\/\/cpsconveyors.com.au\/es\/wp-json\/wp\/v2\/media?parent=11025"}],"curies":[{"name":"wp","href":"https:\/\/api.w.org\/{rel}","templated":true}]}}