{"id":12084,"date":"2023-10-16T00:47:00","date_gmt":"2023-10-16T00:47:00","guid":{"rendered":"https:\/\/cpsconveyors.com.au\/?page_id=12084"},"modified":"2026-04-02T02:32:45","modified_gmt":"2026-04-02T02:32:45","slug":"our-safety","status":"publish","type":"page","link":"https:\/\/cpsconveyors.com.au\/es\/our-safety\/","title":{"rendered":"Nuestra seguridad"},"content":{"rendered":"<div class=\"wp-block-uagb-container uagb-block-dd993421 alignfull uagb-is-root-container\"><div class=\"uagb-container-inner-blocks-wrap\">\n<div class=\"wp-block-uagb-container uagb-block-2d477c78\">\n<div class=\"wp-block-uagb-container uagb-block-d30d1a6e\">\n<div class=\"wp-block-uagb-advanced-heading uagb-block-3d161997 b-l\"><h1 class=\"uagb-heading-text\">Nuestra seguridad<\/h1><\/div>\n<\/div>\n\n\n\n<div class=\"wp-block-uagb-container uag-hide-desktop uag-hide-tab uag-hide-mob uagb-block-caee5013\">\n<div class=\"wp-block-uagb-image alignright uagb-block-3edfc8a1 wp-block-uagb-image--layout-default wp-block-uagb-image--effect-static wp-block-uagb-image--align-right\"><figure class=\"wp-block-uagb-image__figure\"><img decoding=\"async\" srcset=\"\" sizes=\"auto, (max-width: 480px) 150px\" src=\"https:\/\/wpstaq-ap-southeast-2-media.s3.amazonaws.com\/cps-testserver\/wp-content\/uploads\/media\/2024\/03\/CPS-21st-Anniversary-Logo_LATAM.png\" alt=\"\" class=\"uag-image-12595\" width=\"135\" height=\"142\" title=\"CPS-21st Anniversary-Logo_APAC\" loading=\"lazy\" role=\"img\" data-srcset=\"\"\/><\/figure><\/div>\n<\/div>\n<\/div>\n<\/div><\/div>\n\n\n\n<div class=\"wp-block-uagb-container uagb-block-1e9eee29 alignfull uagb-is-root-container\"><div class=\"uagb-container-inner-blocks-wrap\">\n<div class=\"wp-block-uagb-container uagb-block-5f000cec\">\n<div class=\"wp-block-uagb-container uagb-block-7923db81\">\n<div class=\"wp-block-uagb-image alignleft uagb-block-ec094260 wp-block-uagb-image--layout-default wp-block-uagb-image--effect-static wp-block-uagb-image--align-left left-box-bg2\"><figure class=\"wp-block-uagb-image__figure\"><img decoding=\"async\" srcset=\"https:\/\/wpstaq-ap-southeast-2-media.s3.amazonaws.com\/cps-testserver\/wp-content\/uploads\/media\/2023\/09\/Safety.webp , https:\/\/wpstaq-ap-southeast-2-media.s3.amazonaws.com\/cps-testserver\/wp-content\/uploads\/media\/2023\/09\/CPS-Family-3.webp 360w\" sizes=\"auto, (max-width: 480px) 150px\" src=\"https:\/\/wpstaq-ap-southeast-2-media.s3.amazonaws.com\/cps-testserver\/wp-content\/uploads\/media\/2023\/09\/Safety.webp\" alt=\"\" class=\"uag-image-3430\" width=\"761\" height=\"609\" title=\"\" loading=\"lazy\" role=\"img\"\/><\/figure><\/div>\n<\/div>\n\n\n\n<div class=\"wp-block-uagb-container uagb-block-b50b4382\">\n<div class=\"wp-block-uagb-advanced-heading uagb-block-62ba062d\"><h4 class=\"uagb-heading-text\">Seguridad<\/h4><div class=\"uagb-separator\"><\/div><p class=\"uagb-desc-text\">La seguridad es uno de los valores fundamentales de CPS. Cada aspecto de nuestros productos y soluciones de transporte est\u00e1 meticulosamente dise\u00f1ado para garantizar los m\u00e1s altos niveles de seguridad, desde la minimizaci\u00f3n de los peligros potenciales hasta la integraci\u00f3n de tecnolog\u00edas avanzadas que evitan accidentes y mejoran la salud y la seguridad operativas.&nbsp;<\/p><\/div>\n<\/div>\n<\/div>\n<\/div><\/div>\n\n\n\n<div class=\"wp-block-uagb-container uag-hide-desktop uag-hide-tab uag-hide-mob uagb-block-cbb8f5fb alignfull uagb-is-root-container\"><div class=\"uagb-container-inner-blocks-wrap\">\n<div class=\"wp-block-uagb-advanced-heading uagb-block-181e0619\"><h4 class=\"uagb-heading-text\">Safety Milestones\/Records<\/h4><div class=\"uagb-separator\"><\/div><\/div>\n\n\n\t<div class=\"cps-timeline\">\r\n\t    \t        <div class=\"cps-history\">\r\n\t            \t            \t<div class=\"history-item\">\r\n\t            \t\t<div class=\"img\">\r\n\t            \t\t\t<div class=\"image\" style=\"background-image:url(https:\/\/cpsconveyors.com.au\/wp-content\/uploads\/2023\/09\/safety-2008.webp)\"><\/div>\r\n\t            \t\t<\/div>\r\n\t            \t\t<div class=\"desc\">\r\n\t            \t\t\t<h5>2008<\/h5>\r\n                                                        <p>Nunc ultrices urna a orci hendrerit facilisis. Suspendisse faucibus, elit sed suscipit tempus, dui mauris laoreet leo, ut pharetra mi urna ac tellus.<\/p>\n\t                \t\t\t            \t\t<\/div>\r\n\t            \t<\/div>\r\n\t                \r\n\t            \t            \t<div class=\"history-item\">\r\n\t            \t\t<div class=\"img\">\r\n\t            \t\t\t<div class=\"image\" style=\"background-image:url(https:\/\/cpsconveyors.com.au\/wp-content\/uploads\/2023\/09\/safety-2009.webp)\"><\/div>\r\n\t            \t\t<\/div>\r\n\t            \t\t<div class=\"desc\">\r\n\t            \t\t\t<h5>2009<\/h5>\r\n                                                        <p>Nunc ultrices urna a orci hendrerit facilisis. Suspendisse faucibus, elit sed suscipit tempus, dui mauris laoreet leo, ut pharetra mi urna ac tellus.<\/p>\n\t                \t\t\t            \t\t<\/div>\r\n\t            \t<\/div>\r\n\t                \r\n\t            \t            \t<div class=\"history-item\">\r\n\t            \t\t<div class=\"img\">\r\n\t            \t\t\t<div class=\"image\" style=\"background-image:url(https:\/\/cpsconveyors.com.au\/wp-content\/uploads\/2023\/09\/safety-2012.webp)\"><\/div>\r\n\t            \t\t<\/div>\r\n\t            \t\t<div class=\"desc\">\r\n\t            \t\t\t<h5>2012<\/h5>\r\n                                                        <p>Nunc ultrices urna a orci hendrerit facilisis. Suspendisse faucibus, elit sed suscipit.<\/p>\n\t                \t\t\t            \t\t<\/div>\r\n\t            \t<\/div>\r\n\t                \r\n\t            \t            \t<div class=\"history-item\">\r\n\t            \t\t<div class=\"img\">\r\n\t            \t\t\t<div class=\"image\" style=\"background-image:url(https:\/\/cpsconveyors.com.au\/wp-content\/uploads\/2023\/09\/safety-2023.webp)\"><\/div>\r\n\t            \t\t<\/div>\r\n\t            \t\t<div class=\"desc\">\r\n\t            \t\t\t<h5>2023<\/h5>\r\n                                                        <p>CPS Achieves 825 Injury-Free Days at Our Pulley and Fabrication Facility! <\/p>\n\t                \t\t\t            \t\t<\/div>\r\n\t            \t<\/div>\r\n\t                \r\n\t            \t            \t        <\/div>\r\n\t        <div class=\"wp-block-button lm-wrap\">\r\n\t        \t<div class=\"loadmore-safety wp-block-button__link\">Load More<\/div>\r\n\t        <\/div>\r\n\t    \t<\/div><!-- .entry-content --> \n<\/div><\/div>\n\n\n\n<div class=\"wp-block-uagb-container uagb-block-f6cedbc4 alignfull uagb-is-root-container\"><div class=\"uagb-container-inner-blocks-wrap\">\n<div class=\"wp-block-uagb-container uagb-block-14ab1e35\">\n<div class=\"wp-block-uagb-container uagb-block-cd9b7346\">\n<div class=\"wp-block-uagb-advanced-heading uagb-block-66348b5e\"><h4 class=\"uagb-heading-text\">Pol\u00edtica de Salud y Seguridad en el Trabajo<\/h4><div class=\"uagb-separator\"><\/div><p class=\"uagb-desc-text\">\"\nLa Pol\u00edtica de Salud y Seguridad en el trabajo (Occupational Health and Safety, OH&amp;S) de CPS subraya nuestra inquebrantable dedicaci\u00f3n a la creaci\u00f3n de un entorno de trabajo que d\u00e9 prioridad al bienestar de nuestros empleados, clientes y partes interesadas. Mediante una evaluaci\u00f3n proactiva de los riesgos, iniciativas de mejora continua y la integraci\u00f3n de medidas de seguridad avanzadas, CPS garantiza que todos los aspectos de nuestros productos y soluciones de transporte se ajusten a las normas m\u00e1s estrictas de salud y seguridad en el trabajo (OH&amp;S). \"&nbsp;<\/p><\/div>\n<\/div>\n<\/div>\n<\/div><\/div>\n\n\n\n<div class=\"wp-block-uagb-container uagb-block-763c249a alignfull uagb-is-root-container\"><div class=\"uagb-container-inner-blocks-wrap\">\n<div class=\"wp-block-uagb-container uagb-block-eec07b72\">\n<div class=\"wp-block-uagb-container uagb-block-64cc627b\">\n<div class=\"wp-block-uagb-advanced-heading uagb-block-1ff9de0f\"><h4 class=\"uagb-heading-text\">Innovaciones en seguridad<\/h4><div class=\"uagb-separator\"><\/div><p class=\"uagb-desc-text\">CPS lleva la seguridad al siguiente nivel con sus innovaciones pioneras en seguridad. Estas innovaciones abarcan una gama de tecnolog\u00edas y pr\u00e1cticas avanzadas con ingenier\u00eda y dise\u00f1o meticulosos para mejorar la seguridad en todos los aspectos de las operaciones de cintas transportadoras.&nbsp;<\/p><\/div>\n<\/div>\n<\/div>\n<\/div><\/div>\n\n\n\n<div class=\"wp-block-uagb-container uagb-block-57c6b3bf alignfull uagb-is-root-container\"><div class=\"uagb-container-inner-blocks-wrap\">\n<div class=\"wp-block-uagb-advanced-heading uagb-block-0d4daac3\"><h3 class=\"uagb-heading-text\">Lo \u00faltimo en iniciativas de seguridad de CPS Conveyors<\/h3><\/div>\n\n\n    <div class=\"product-wrap news safety-inittiaves projects\">\r\n                     <div class=\"prod-item\">\r\n                <div class=\"prod-desc\">\r\n                    <div class=\"img\">\r\n                        <img decoding=\"async\" src=\"https:\/\/cpsconveyors.com.au\/wp-content\/uploads\/2023\/03\/CPS-LinkedIn-CPS-Roller-weights-on-stickers-to-Laser-etching-Mar2423-V3.jpg\" \/>\r\n                        <a href=\"https:\/\/cpsconveyors.com.au\/es\/news\/cps-roller-weight-information-now-laser-etched-on-rollers\/\" class=\"learnmore\"><span>M\u00e1s informaci\u00f3n \r\n                        <svg xmlns=\"http:\/\/www.w3.org\/2000\/svg\" width=\"36.016\" height=\"53.11\" viewbox=\"0 0 36.016 53.11\">\r\n                          <path id=\"Path_3241\" data-name=\"Path 3241\" d=\"M26.554,36.016,0,17.925V0L26.554,18.092,53.11,0V17.925Z\" transform=\"translate(0 53.11) rotate(-90)\" fill=\"#f0cc01\"\/>\r\n                        <\/svg>\r\n                        <\/span>\r\n                        <\/a>\r\n                    <\/div>\r\n                    <h5>Informaci\u00f3n sobre el peso de los rodillos CPS ahora grabada con l\u00e1ser en los rodillos<\/h5>\r\n                <\/div>\r\n\r\n            <\/div> \r\n                    <div class=\"prod-item\">\r\n                <div class=\"prod-desc\">\r\n                    <div class=\"img\">\r\n                        <img decoding=\"async\" src=\"https:\/\/cpsconveyors.com.au\/wp-content\/uploads\/2021\/06\/CPS-LinkedIn-Artwork-365-Days-Injury-Free-Awarding.jpg\" \/>\r\n                        <a href=\"https:\/\/cpsconveyors.com.au\/es\/news\/cps-celebrates-365-days-injury-free-milestone\/\" class=\"learnmore\"><span>M\u00e1s informaci\u00f3n \r\n                        <svg xmlns=\"http:\/\/www.w3.org\/2000\/svg\" width=\"36.016\" height=\"53.11\" viewbox=\"0 0 36.016 53.11\">\r\n                          <path id=\"Path_3241\" data-name=\"Path 3241\" d=\"M26.554,36.016,0,17.925V0L26.554,18.092,53.11,0V17.925Z\" transform=\"translate(0 53.11) rotate(-90)\" fill=\"#f0cc01\"\/>\r\n                        <\/svg>\r\n                        <\/span>\r\n                        <\/a>\r\n                    <\/div>\r\n                    <h5>CPS celebra el hito de 365 d\u00edas sin lesiones<\/h5>\r\n                <\/div>\r\n\r\n            <\/div> \r\n                    <div class=\"prod-item\">\r\n                <div class=\"prod-desc\">\r\n                    <div class=\"img\">\r\n                        <img decoding=\"async\" src=\"https:\/\/cpsconveyors.com.au\/wp-content\/uploads\/2021\/04\/CPS-Manual-Handling-Weight-Reduction.jpg\" \/>\r\n                        <a href=\"https:\/\/cpsconveyors.com.au\/es\/news\/manual-handling-weight-reduction-case-study\/\" class=\"learnmore\"><span>M\u00e1s informaci\u00f3n \r\n                        <svg xmlns=\"http:\/\/www.w3.org\/2000\/svg\" width=\"36.016\" height=\"53.11\" viewbox=\"0 0 36.016 53.11\">\r\n                          <path id=\"Path_3241\" data-name=\"Path 3241\" d=\"M26.554,36.016,0,17.925V0L26.554,18.092,53.11,0V17.925Z\" transform=\"translate(0 53.11) rotate(-90)\" fill=\"#f0cc01\"\/>\r\n                        <\/svg>\r\n                        <\/span>\r\n                        <\/a>\r\n                    <\/div>\r\n                    <h5>Estudio de caso sobre la reducci\u00f3n de peso en la manipulaci\u00f3n manual<\/h5>\r\n                <\/div>\r\n\r\n            <\/div> \r\n          \r\n        \r\n                    <\/div> \r\n    \n<\/div><\/div>","protected":false},"excerpt":{"rendered":"<p>Our Safety Safety Safety stands at the forefront of CPS&#8217;s core values. Every aspect of our conveyor products and solutions is meticulously designed to ensure the highest standards of safety\u2014from minimising potential hazards to integrating advanced technologies that prevent accidents and enhance operational health and safety.&nbsp; Safety Milestones\/Records OH&amp;S Policy CPS&#8217;s Occupational Health and Safety [&hellip;]<\/p>","protected":false},"author":1,"featured_media":0,"parent":0,"menu_order":0,"comment_status":"closed","ping_status":"closed","template":"","meta":{"_uag_custom_page_level_css":".dflex .slick-track {\n    display: flex;\n    align-items: center;\n}","site-sidebar-layout":"no-sidebar","site-content-layout":"page-builder","ast-site-content-layout":"full-width-container","site-content-style":"unboxed","site-sidebar-style":"unboxed","ast-global-header-display":"","ast-banner-title-visibility":"","ast-main-header-display":"","ast-hfb-above-header-display":"","ast-hfb-below-header-display":"","ast-hfb-mobile-header-display":"","site-post-title":"disabled","ast-breadcrumbs-content":"","ast-featured-img":"disabled","footer-sml-layout":"","ast-disable-related-posts":"","theme-transparent-header-meta":"default","adv-header-id-meta":"","stick-header-meta":"","header-above-stick-meta":"","header-main-stick-meta":"","header-below-stick-meta":"","astra-migrate-meta-layouts":"set","ast-page-background-enabled":"default","ast-page-background-meta":{"desktop":{"background-color":"var(--ast-global-color-4)","background-image":"","background-repeat":"repeat","background-position":"center center","background-size":"auto","background-attachment":"scroll","background-type":"","background-media":"","overlay-type":"","overlay-color":"","overlay-opacity":"","overlay-gradient":""},"tablet":{"background-color":"","background-image":"","background-repeat":"repeat","background-position":"center center","background-size":"auto","background-attachment":"scroll","background-type":"","background-media":"","overlay-type":"","overlay-color":"","overlay-opacity":"","overlay-gradient":""},"mobile":{"background-color":"","background-image":"","background-repeat":"repeat","background-position":"center center","background-size":"auto","background-attachment":"scroll","background-type":"","background-media":"","overlay-type":"","overlay-color":"","overlay-opacity":"","overlay-gradient":""}},"ast-content-background-meta":{"desktop":{"background-color":"var(--ast-global-color-5)","background-image":"","background-repeat":"repeat","background-position":"center center","background-size":"auto","background-attachment":"scroll","background-type":"","background-media":"","overlay-type":"","overlay-color":"","overlay-opacity":"","overlay-gradient":""},"tablet":{"background-color":"var(--ast-global-color-5)","background-image":"","background-repeat":"repeat","background-position":"center center","background-size":"auto","background-attachment":"scroll","background-type":"","background-media":"","overlay-type":"","overlay-color":"","overlay-opacity":"","overlay-gradient":""},"mobile":{"background-color":"var(--ast-global-color-5)","background-image":"","background-repeat":"repeat","background-position":"center center","background-size":"auto","background-attachment":"scroll","background-type":"","background-media":"","overlay-type":"","overlay-color":"","overlay-opacity":"","overlay-gradient":""}},"footnotes":""},"class_list":["post-12084","page","type-page","status-publish","hentry"],"acf":[],"yoast_head":"<!-- This site is optimized with the Yoast SEO plugin v26.9 - https:\/\/yoast.com\/product\/yoast-seo-wordpress\/ -->\n<title>Conveyor Manufacturing Safety | CPS Conveyors<\/title>\n<meta name=\"description\" content=\"CPS Conveyors takes safety seriously across all manufacturing operations. Learn about injury-free milestones, manual handling improvements, and workplace safety initiatives at CPS.\" \/>\n<meta name=\"robots\" content=\"index, follow, max-snippet:-1, max-image-preview:large, max-video-preview:-1\" \/>\n<link rel=\"canonical\" href=\"https:\/\/cpsconveyors.com.au\/es\/our-safety\/\" \/>\n<meta property=\"og:locale\" content=\"es_ES\" \/>\n<meta property=\"og:type\" content=\"article\" \/>\n<meta property=\"og:title\" content=\"Conveyor Manufacturing Safety | CPS Conveyors\" \/>\n<meta property=\"og:description\" content=\"CPS Conveyors takes safety seriously across all manufacturing operations. Learn about injury-free milestones, manual handling improvements, and workplace safety initiatives at CPS.\" \/>\n<meta property=\"og:url\" content=\"https:\/\/cpsconveyors.com.au\/es\/our-safety\/\" \/>\n<meta property=\"og:site_name\" content=\"CPS Conveyors | Conveyor Product and Solutions\" \/>\n<meta property=\"article:modified_time\" content=\"2026-04-02T02:32:45+00:00\" \/>\n<meta property=\"og:image\" content=\"https:\/\/wpstaq-ap-southeast-2-media.s3.amazonaws.com\/cps-testserver\/wp-content\/uploads\/media\/2024\/03\/CPS-21st-Anniversary-Logo_APAC.png\" \/>\n<meta name=\"twitter:card\" content=\"summary_large_image\" \/>\n<meta name=\"twitter:label1\" content=\"Tiempo estimado de lectura\" \/>\n\t<meta name=\"twitter:data1\" content=\"2 minutos\" \/>\n<script type=\"application\/ld+json\" class=\"yoast-schema-graph\">{\"@context\":\"https:\/\/schema.org\",\"@graph\":[{\"@type\":\"WebPage\",\"@id\":\"https:\/\/cpsconveyors.com.au\/our-safety\/\",\"url\":\"https:\/\/cpsconveyors.com.au\/our-safety\/\",\"name\":\"Conveyor Manufacturing Safety | CPS Conveyors\",\"isPartOf\":{\"@id\":\"https:\/\/cpsconveyors.com.au\/#website\"},\"primaryImageOfPage\":{\"@id\":\"https:\/\/cpsconveyors.com.au\/our-safety\/#primaryimage\"},\"image\":{\"@id\":\"https:\/\/cpsconveyors.com.au\/our-safety\/#primaryimage\"},\"thumbnailUrl\":\"https:\/\/wpstaq-ap-southeast-2-media.s3.amazonaws.com\/cps-testserver\/wp-content\/uploads\/media\/2024\/03\/CPS-21st-Anniversary-Logo_APAC.png\",\"datePublished\":\"2023-10-16T00:47:00+00:00\",\"dateModified\":\"2026-04-02T02:32:45+00:00\",\"description\":\"CPS Conveyors takes safety seriously across all manufacturing operations. Learn about injury-free milestones, manual handling improvements, and workplace safety initiatives at CPS.\",\"breadcrumb\":{\"@id\":\"https:\/\/cpsconveyors.com.au\/our-safety\/#breadcrumb\"},\"inLanguage\":\"es-CL\",\"potentialAction\":[{\"@type\":\"ReadAction\",\"target\":[\"https:\/\/cpsconveyors.com.au\/our-safety\/\"]}]},{\"@type\":\"ImageObject\",\"inLanguage\":\"es-CL\",\"@id\":\"https:\/\/cpsconveyors.com.au\/our-safety\/#primaryimage\",\"url\":\"https:\/\/wpstaq-ap-southeast-2-media.s3.amazonaws.com\/cps-testserver\/wp-content\/uploads\/media\/2024\/03\/CPS-21st-Anniversary-Logo_APAC.png\",\"contentUrl\":\"https:\/\/wpstaq-ap-southeast-2-media.s3.amazonaws.com\/cps-testserver\/wp-content\/uploads\/media\/2024\/03\/CPS-21st-Anniversary-Logo_APAC.png\"},{\"@type\":\"BreadcrumbList\",\"@id\":\"https:\/\/cpsconveyors.com.au\/our-safety\/#breadcrumb\",\"itemListElement\":[{\"@type\":\"ListItem\",\"position\":1,\"name\":\"Home\",\"item\":\"https:\/\/cpsconveyors.com.au\/\"},{\"@type\":\"ListItem\",\"position\":2,\"name\":\"Our Safety\"}]},{\"@type\":\"WebSite\",\"@id\":\"https:\/\/cpsconveyors.com.au\/#website\",\"url\":\"https:\/\/cpsconveyors.com.au\/\",\"name\":\"CPS Conveyors | Conveyor Product and Solutions\",\"description\":\"\",\"publisher\":{\"@id\":\"https:\/\/cpsconveyors.com.au\/#organization\"},\"potentialAction\":[{\"@type\":\"SearchAction\",\"target\":{\"@type\":\"EntryPoint\",\"urlTemplate\":\"https:\/\/cpsconveyors.com.au\/?s={search_term_string}\"},\"query-input\":{\"@type\":\"PropertyValueSpecification\",\"valueRequired\":true,\"valueName\":\"search_term_string\"}}],\"inLanguage\":\"es-CL\"},{\"@type\":\"Organization\",\"@id\":\"https:\/\/cpsconveyors.com.au\/#organization\",\"name\":\"CPS Conveyors | Conveyor Product and Solutions\",\"url\":\"https:\/\/cpsconveyors.com.au\/\",\"logo\":{\"@type\":\"ImageObject\",\"inLanguage\":\"es-CL\",\"@id\":\"https:\/\/cpsconveyors.com.au\/#\/schema\/logo\/image\/\",\"url\":\"https:\/\/cpsconveyors.com.au\/wp-content\/uploads\/2023\/08\/CPS-Logo.png\",\"contentUrl\":\"https:\/\/cpsconveyors.com.au\/wp-content\/uploads\/2023\/08\/CPS-Logo.png\",\"width\":270,\"height\":75,\"caption\":\"CPS Conveyors | Conveyor Product and Solutions\"},\"image\":{\"@id\":\"https:\/\/cpsconveyors.com.au\/#\/schema\/logo\/image\/\"}}]}<\/script>\n<!-- \/ Yoast SEO plugin. -->","yoast_head_json":{"title":"Conveyor Manufacturing Safety | CPS Conveyors","description":"CPS Conveyors takes safety seriously across all manufacturing operations. Learn about injury-free milestones, manual handling improvements, and workplace safety initiatives at CPS.","robots":{"index":"index","follow":"follow","max-snippet":"max-snippet:-1","max-image-preview":"max-image-preview:large","max-video-preview":"max-video-preview:-1"},"canonical":"https:\/\/cpsconveyors.com.au\/es\/our-safety\/","og_locale":"es_ES","og_type":"article","og_title":"Conveyor Manufacturing Safety | CPS Conveyors","og_description":"CPS Conveyors takes safety seriously across all manufacturing operations. Learn about injury-free milestones, manual handling improvements, and workplace safety initiatives at CPS.","og_url":"https:\/\/cpsconveyors.com.au\/es\/our-safety\/","og_site_name":"CPS Conveyors | Conveyor Product and Solutions","article_modified_time":"2026-04-02T02:32:45+00:00","og_image":[{"url":"https:\/\/wpstaq-ap-southeast-2-media.s3.amazonaws.com\/cps-testserver\/wp-content\/uploads\/media\/2024\/03\/CPS-21st-Anniversary-Logo_APAC.png","type":"","width":"","height":""}],"twitter_card":"summary_large_image","twitter_misc":{"Tiempo estimado de lectura":"2 minutos"},"schema":{"@context":"https:\/\/schema.org","@graph":[{"@type":"WebPage","@id":"https:\/\/cpsconveyors.com.au\/our-safety\/","url":"https:\/\/cpsconveyors.com.au\/our-safety\/","name":"Conveyor Manufacturing Safety | CPS Conveyors","isPartOf":{"@id":"https:\/\/cpsconveyors.com.au\/#website"},"primaryImageOfPage":{"@id":"https:\/\/cpsconveyors.com.au\/our-safety\/#primaryimage"},"image":{"@id":"https:\/\/cpsconveyors.com.au\/our-safety\/#primaryimage"},"thumbnailUrl":"https:\/\/wpstaq-ap-southeast-2-media.s3.amazonaws.com\/cps-testserver\/wp-content\/uploads\/media\/2024\/03\/CPS-21st-Anniversary-Logo_APAC.png","datePublished":"2023-10-16T00:47:00+00:00","dateModified":"2026-04-02T02:32:45+00:00","description":"CPS Conveyors takes safety seriously across all manufacturing operations. Learn about injury-free milestones, manual handling improvements, and workplace safety initiatives at CPS.","breadcrumb":{"@id":"https:\/\/cpsconveyors.com.au\/our-safety\/#breadcrumb"},"inLanguage":"es-CL","potentialAction":[{"@type":"ReadAction","target":["https:\/\/cpsconveyors.com.au\/our-safety\/"]}]},{"@type":"ImageObject","inLanguage":"es-CL","@id":"https:\/\/cpsconveyors.com.au\/our-safety\/#primaryimage","url":"https:\/\/wpstaq-ap-southeast-2-media.s3.amazonaws.com\/cps-testserver\/wp-content\/uploads\/media\/2024\/03\/CPS-21st-Anniversary-Logo_APAC.png","contentUrl":"https:\/\/wpstaq-ap-southeast-2-media.s3.amazonaws.com\/cps-testserver\/wp-content\/uploads\/media\/2024\/03\/CPS-21st-Anniversary-Logo_APAC.png"},{"@type":"BreadcrumbList","@id":"https:\/\/cpsconveyors.com.au\/our-safety\/#breadcrumb","itemListElement":[{"@type":"ListItem","position":1,"name":"Home","item":"https:\/\/cpsconveyors.com.au\/"},{"@type":"ListItem","position":2,"name":"Our Safety"}]},{"@type":"WebSite","@id":"https:\/\/cpsconveyors.com.au\/#website","url":"https:\/\/cpsconveyors.com.au\/","name":"CPS Conveyors | Conveyor Product and Solutions","description":"","publisher":{"@id":"https:\/\/cpsconveyors.com.au\/#organization"},"potentialAction":[{"@type":"SearchAction","target":{"@type":"EntryPoint","urlTemplate":"https:\/\/cpsconveyors.com.au\/?s={search_term_string}"},"query-input":{"@type":"PropertyValueSpecification","valueRequired":true,"valueName":"search_term_string"}}],"inLanguage":"es-CL"},{"@type":"Organization","@id":"https:\/\/cpsconveyors.com.au\/#organization","name":"CPS Conveyors | Conveyor Product and Solutions","url":"https:\/\/cpsconveyors.com.au\/","logo":{"@type":"ImageObject","inLanguage":"es-CL","@id":"https:\/\/cpsconveyors.com.au\/#\/schema\/logo\/image\/","url":"https:\/\/cpsconveyors.com.au\/wp-content\/uploads\/2023\/08\/CPS-Logo.png","contentUrl":"https:\/\/cpsconveyors.com.au\/wp-content\/uploads\/2023\/08\/CPS-Logo.png","width":270,"height":75,"caption":"CPS Conveyors | Conveyor Product and Solutions"},"image":{"@id":"https:\/\/cpsconveyors.com.au\/#\/schema\/logo\/image\/"}}]}},"uagb_featured_image_src":{"full":false,"thumbnail":false,"medium":false,"medium_large":false,"large":false,"1536x1536":false,"2048x2048":false,"trp-custom-language-flag":false,"gform-image-choice-sm":false,"gform-image-choice-md":false,"gform-image-choice-lg":false},"uagb_author_info":{"display_name":"CPS Conveyors","author_link":"https:\/\/cpsconveyors.com.au\/es\/author\/teamagency\/"},"uagb_comment_info":0,"uagb_excerpt":"Our Safety Safety Safety stands at the forefront of CPS&#8217;s core values. Every aspect of our conveyor products and solutions is meticulously designed to ensure the highest standards of safety\u2014from minimising potential hazards to integrating advanced technologies that prevent accidents and enhance operational health and safety.&nbsp; Safety Milestones\/Records OH&amp;S Policy CPS&#8217;s Occupational Health and Safety&hellip;","_links":{"self":[{"href":"https:\/\/cpsconveyors.com.au\/es\/wp-json\/wp\/v2\/pages\/12084","targetHints":{"allow":["GET"]}}],"collection":[{"href":"https:\/\/cpsconveyors.com.au\/es\/wp-json\/wp\/v2\/pages"}],"about":[{"href":"https:\/\/cpsconveyors.com.au\/es\/wp-json\/wp\/v2\/types\/page"}],"author":[{"embeddable":true,"href":"https:\/\/cpsconveyors.com.au\/es\/wp-json\/wp\/v2\/users\/1"}],"replies":[{"embeddable":true,"href":"https:\/\/cpsconveyors.com.au\/es\/wp-json\/wp\/v2\/comments?post=12084"}],"version-history":[{"count":2,"href":"https:\/\/cpsconveyors.com.au\/es\/wp-json\/wp\/v2\/pages\/12084\/revisions"}],"predecessor-version":[{"id":13886,"href":"https:\/\/cpsconveyors.com.au\/es\/wp-json\/wp\/v2\/pages\/12084\/revisions\/13886"}],"wp:attachment":[{"href":"https:\/\/cpsconveyors.com.au\/es\/wp-json\/wp\/v2\/media?parent=12084"}],"curies":[{"name":"wp","href":"https:\/\/api.w.org\/{rel}","templated":true}]}}