{"id":12619,"date":"2024-03-26T04:20:08","date_gmt":"2024-03-26T04:20:08","guid":{"rendered":"https:\/\/cpsconveyors.com.au\/?page_id=12619"},"modified":"2026-04-03T06:36:39","modified_gmt":"2026-04-03T06:36:39","slug":"skf-reference-guide","status":"publish","type":"page","link":"https:\/\/cpsconveyors.com.au\/es\/skf-reference-guide\/","title":{"rendered":"SKF Reference Guide"},"content":{"rendered":"<div class=\"wp-block-uagb-container uagb-block-dd993421 alignfull uagb-is-root-container\"><div class=\"uagb-container-inner-blocks-wrap\">\n<div class=\"wp-block-uagb-container uagb-block-2d477c78\">\n<div class=\"wp-block-uagb-container uagb-block-d30d1a6e\">\n<div class=\"wp-block-uagb-advanced-heading uagb-block-3d161997 b-l\"><h1 class=\"uagb-heading-text\">SKF Reference Guide<\/h1><\/div>\n<\/div>\n\n\n\n<div class=\"wp-block-uagb-container uag-hide-desktop uag-hide-tab uag-hide-mob uagb-block-caee5013\">\n<div class=\"wp-block-uagb-image alignright uagb-block-3edfc8a1 wp-block-uagb-image--layout-default wp-block-uagb-image--effect-static wp-block-uagb-image--align-right\"><figure class=\"wp-block-uagb-image__figure\"><img decoding=\"async\" srcset=\"\" sizes=\"auto, (max-width: 480px) 150px\" src=\"https:\/\/wpstaq-ap-southeast-2-media.s3.amazonaws.com\/cps-testserver\/wp-content\/uploads\/media\/2024\/03\/CPS-21st-Anniversary-Logo_LATAM.png\" alt=\"\" class=\"uag-image-12595\" width=\"135\" height=\"142\" title=\"CPS-21st Anniversary-Logo_APAC\" loading=\"lazy\" role=\"img\" data-srcset=\"\"\/><\/figure><\/div>\n<\/div>\n<\/div>\n<\/div><\/div>\n\n\n\n<div class=\"wp-block-uagb-container uagb-block-151d5c08 alignfull uagb-is-root-container\"><div class=\"uagb-container-inner-blocks-wrap\">\n<div class=\"wp-block-uagb-container uagb-block-d6a273be\">\n<div class=\"wp-block-uagb-container uagb-block-f51e8ab4\">\n<div class=\"wp-block-uagb-image aligncenter uagb-block-a55eae6f wp-block-uagb-image--layout-default wp-block-uagb-image--effect-static wp-block-uagb-image--align-center left-box-bg2\"><figure class=\"wp-block-uagb-image__figure\"><img decoding=\"async\" srcset=\"https:\/\/wpstaq-ap-southeast-2-media.s3.amazonaws.com\/cps-testserver\/wp-content\/uploads\/media\/2024\/03\/SKF-Image_4.webp ,https:\/\/wpstaq-ap-southeast-2-media.s3.amazonaws.com\/cps-testserver\/wp-content\/uploads\/media\/2024\/03\/SKF-Image_4.webp 780w, https:\/\/wpstaq-ap-southeast-2-media.s3.amazonaws.com\/cps-testserver\/wp-content\/uploads\/media\/2024\/03\/SKF-Image_4.webp 360w\" sizes=\"auto, (max-width: 480px) 150px\" src=\"https:\/\/wpstaq-ap-southeast-2-media.s3.amazonaws.com\/cps-testserver\/wp-content\/uploads\/media\/2024\/03\/SKF-Image_4.webp\" alt=\"\" class=\"uag-image-12629\" width=\"840\" height=\"658\" title=\"SKF Image_4\" loading=\"lazy\" role=\"img\"\/><\/figure><\/div>\n\n\n\n<div class=\"wp-block-uagb-advanced-heading uagb-block-bb2af2ce\"><h4 class=\"uagb-heading-text\">CPS and SKF Partnership: Setting a New Standard for Conveyor Quality and Performance&nbsp;<\/h4><div class=\"uagb-separator\"><\/div><p class=\"uagb-desc-text\">Our partnership with SKF marks a milestone in revolutionising conveyor systems for Australia&#8217;s mining operations. We&#8217;ve redefined industry standards, ensuring unparalleled reliability, efficiency, and leadership in conveying technology.<\/p><\/div>\n\n\n\n<div class=\"wp-block-uagb-buttons uagb-buttons__outer-wrap uagb-btn__default-btn uagb-btn-tablet__default-btn uagb-btn-mobile__default-btn uagb-block-6f9e26a2\"><div class=\"uagb-buttons__wrap uagb-buttons-layout-wrap\">\n<div class=\"wp-block-uagb-buttons-child uagb-buttons__outer-wrap uagb-block-089049b8 wp-block-button\"><div class=\"uagb-button__wrapper\"><a class=\"uagb-buttons-repeater wp-block-button__link\" aria-label=\"\" href=\"\/es\/news\/cps-and-skf-partnership-setting-a-new-standard-for-conveyor-quality-and-performance\/\" rel=\"follow noopener\" target=\"_self\" role=\"button\"><div class=\"uagb-button__link\">Read more<\/div><\/a><\/div><\/div>\n<\/div><\/div>\n<\/div>\n\n\n\n<div class=\"wp-block-uagb-container uagb-block-fdbba775\">\n<div class=\"wp-block-uagb-image aligncenter uagb-block-2e2feef9 wp-block-uagb-image--layout-default wp-block-uagb-image--effect-static wp-block-uagb-image--align-center center-box-bg\"><figure class=\"wp-block-uagb-image__figure\"><img decoding=\"async\" srcset=\"https:\/\/wpstaq-ap-southeast-2-media.s3.amazonaws.com\/cps-testserver\/wp-content\/uploads\/media\/2024\/03\/CPS-LinkedIn-Artwork_SKF.webp ,https:\/\/wpstaq-ap-southeast-2-media.s3.amazonaws.com\/cps-testserver\/wp-content\/uploads\/media\/2024\/03\/CPS-LinkedIn-Artwork_SKF.webp 780w, https:\/\/wpstaq-ap-southeast-2-media.s3.amazonaws.com\/cps-testserver\/wp-content\/uploads\/media\/2024\/03\/CPS-LinkedIn-Artwork_SKF.webp 360w\" sizes=\"auto, (max-width: 480px) 150px\" src=\"https:\/\/wpstaq-ap-southeast-2-media.s3.amazonaws.com\/cps-testserver\/wp-content\/uploads\/media\/2024\/03\/CPS-LinkedIn-Artwork_SKF.webp\" alt=\"\" class=\"uag-image-12635\" width=\"840\" height=\"658\" title=\"\" loading=\"lazy\" role=\"presentation\"\/><\/figure><\/div>\n\n\n\n<div class=\"wp-block-uagb-advanced-heading uagb-block-e442eb1f\"><h4 class=\"uagb-heading-text\">CPS Achieves SKF Equipped Status<\/h4><div class=\"uagb-separator\"><\/div><p class=\"uagb-desc-text\">CPS Conveyor Rollers have passed SKF\u2019s strict quality standards on the overall performance and reliability of each rotating equipment component. With our trademark license Agreement with SKF, CPS Conveyor rollers and idler sets are now recognised as \u201cSKF Equipped.\u201d<\/p><\/div>\n\n\n\n<div class=\"wp-block-uagb-buttons uagb-buttons__outer-wrap uagb-btn__default-btn uagb-btn-tablet__default-btn uagb-btn-mobile__default-btn uagb-block-97186893\"><div class=\"uagb-buttons__wrap uagb-buttons-layout-wrap\">\n<div class=\"wp-block-uagb-buttons-child uagb-buttons__outer-wrap uagb-block-5a253a6e wp-block-button\"><div class=\"uagb-button__wrapper\"><a class=\"uagb-buttons-repeater wp-block-button__link\" aria-label=\"\" href=\"\/es\/news\/cps-achieves-skf-equipped-status\/\" rel=\"follow noopener\" target=\"_self\" role=\"button\"><div class=\"uagb-button__link\">Read more<\/div><\/a><\/div><\/div>\n<\/div><\/div>\n<\/div>\n\n\n\n<div class=\"wp-block-uagb-container uagb-block-46643c0b\">\n<div class=\"wp-block-uagb-image aligncenter uagb-block-1233c2be wp-block-uagb-image--layout-default wp-block-uagb-image--effect-static wp-block-uagb-image--align-center right-box-bg2\"><figure class=\"wp-block-uagb-image__figure\"><img decoding=\"async\" srcset=\"https:\/\/wpstaq-ap-southeast-2-media.s3.amazonaws.com\/cps-testserver\/wp-content\/uploads\/media\/2024\/03\/CPS-LinkedIn-ZZ-vs-2-RS-Sealing-Options2.webp ,https:\/\/wpstaq-ap-southeast-2-media.s3.amazonaws.com\/cps-testserver\/wp-content\/uploads\/media\/2024\/03\/CPS-LinkedIn-ZZ-vs-2-RS-Sealing-Options2.webp 780w, https:\/\/wpstaq-ap-southeast-2-media.s3.amazonaws.com\/cps-testserver\/wp-content\/uploads\/media\/2024\/03\/CPS-LinkedIn-ZZ-vs-2-RS-Sealing-Options2.webp 360w\" sizes=\"auto, (max-width: 480px) 150px\" src=\"https:\/\/wpstaq-ap-southeast-2-media.s3.amazonaws.com\/cps-testserver\/wp-content\/uploads\/media\/2024\/03\/CPS-LinkedIn-ZZ-vs-2-RS-Sealing-Options2.webp\" alt=\"\" class=\"uag-image-12631\" width=\"840\" height=\"658\" title=\"CPS-LinkedIn-ZZ vs 2 RS Sealing Options2\" loading=\"lazy\" role=\"img\"\/><\/figure><\/div>\n\n\n\n<div class=\"wp-block-uagb-advanced-heading uagb-block-07c46771\"><h4 class=\"uagb-heading-text\">ZZ vs 2 RS Sealing Options<\/h4><div class=\"uagb-separator\"><\/div><p class=\"uagb-desc-text\">The primary function of a bearing seal is to keep lubricant in the bearing and contaminants out. Bearing seals are critical components on bearings used within conveyor rollers as they protect and extend bearing life by preventing contaminants from reaching internal surfaces and help retain lubrication.<\/p><\/div>\n\n\n\n<div class=\"wp-block-uagb-buttons uagb-buttons__outer-wrap uagb-btn__default-btn uagb-btn-tablet__default-btn uagb-btn-mobile__default-btn uagb-block-23c04f63\"><div class=\"uagb-buttons__wrap uagb-buttons-layout-wrap\">\n<div class=\"wp-block-uagb-buttons-child uagb-buttons__outer-wrap uagb-block-12840aec wp-block-button\"><div class=\"uagb-button__wrapper\"><a class=\"uagb-buttons-repeater wp-block-button__link\" aria-label=\"\" href=\"\/es\/news\/zz-vs-2-rs-sealing-options\/\" rel=\"follow noopener\" target=\"_self\" role=\"button\"><div class=\"uagb-button__link\">Read more<\/div><\/a><\/div><\/div>\n<\/div><\/div>\n<\/div>\n<\/div>\n<\/div><\/div>\n\n\n\n<div class=\"wp-block-uagb-container uagb-block-f96f4d4f alignfull uagb-is-root-container\"><div class=\"uagb-container-inner-blocks-wrap\">\n<div class=\"wp-block-uagb-container uagb-block-ff7e06bc\">\n<div class=\"wp-block-uagb-container uagb-block-9191614d\">\n<div class=\"wp-block-uagb-image aligncenter uagb-block-8cc7be4d wp-block-uagb-image--layout-default wp-block-uagb-image--effect-static wp-block-uagb-image--align-center alignleft left-box-bg2\"><figure class=\"wp-block-uagb-image__figure\"><img decoding=\"async\" srcset=\"https:\/\/wpstaq-ap-southeast-2-media.s3.amazonaws.com\/cps-testserver\/wp-content\/uploads\/media\/2024\/03\/SKF-Image-5.webp ,https:\/\/wpstaq-ap-southeast-2-media.s3.amazonaws.com\/cps-testserver\/wp-content\/uploads\/media\/2024\/03\/SKF-Image-5.webp 780w, https:\/\/wpstaq-ap-southeast-2-media.s3.amazonaws.com\/cps-testserver\/wp-content\/uploads\/media\/2024\/03\/SKF-Image-5.webp 360w\" sizes=\"auto, (max-width: 480px) 150px\" src=\"https:\/\/wpstaq-ap-southeast-2-media.s3.amazonaws.com\/cps-testserver\/wp-content\/uploads\/media\/2024\/03\/SKF-Image-5.webp\" alt=\"\" class=\"uag-image-12637\" width=\"517\" height=\"296\" title=\"SKF Image 5\" loading=\"lazy\" role=\"img\"\/><\/figure><\/div>\n<\/div>\n\n\n\n<div class=\"wp-block-uagb-container uagb-block-17a1bb75\">\n<div class=\"wp-block-uagb-advanced-heading uagb-block-15a6b1da\"><h4 class=\"uagb-heading-text\"><strong>About SKF<\/strong><\/h4><div class=\"uagb-separator\"><\/div><\/div>\n\n\n\n<p>SKF is a leading global supplier specializing in developing, designing, and manufacturing premium-quality bearings, seals, and lubrication systems and provides services including technical support, maintenance and reliability services, engineering consulting, and training solutions.<\/p>\n\n\n\n<p>Backed with years of experience and knowledge in rotating equipment, SKF has access to application insights in addition to the right products, connected technologies and solutions, and expertise to help its partners achieve and maintain high plant performance and overall maintenance efficiency.<\/p>\n<\/div>\n<\/div>\n<\/div><\/div>\n\n\n\n<div id=\"top-footer\" class=\"wp-block-uagb-container uagb-block-dbe96949 alignfull uagb-is-root-container\"><div class=\"uagb-container-inner-blocks-wrap\">\n<div class=\"wp-block-uagb-container uagb-block-99362d85 alignfull uagb-is-root-container\"><div class=\"uagb-container-inner-blocks-wrap\">\n<div class=\"wp-block-uagb-container uagb-block-c1a7eb87 default uagb-is-root-container\">\n<div class=\"wp-block-uagb-advanced-heading uagb-block-609b96ec\"><h2 class=\"uagb-heading-text translation-block\">Descargue la \u00faltima gu\u00eda r\u00e1pida de referencia de nuestros productos\u200b\u200b<\/h2><p class=\"uagb-desc-text\">Consulte la gama de equipos fabricados para cintas transportadoras y las soluciones de ingenier\u00eda de CPS.<\/p><\/div>\n\n\n\n\n\n\n\n\n<div class=\"tf-btn wp-block-button\">\n<a class=\"wp-block-button__link\" href=\"\/es\/content-hub\/\">Vea todas las descargas<\/a>\n<a class=\"fancybox-inline data_link wp-block-button__link\" href=\"#dl-modal\" data-title=\"Quick Product Reference ES\" data-link=\"https:\/\/wpstaq-ap-southeast-2-media.s3.amazonaws.com\/cps-testserver\/wp-content\/uploads\/media\/2025\/09\/CPS-Guia-Rapida-de-referencia-min.pdf\" form-id=\"b2a927dd-55f7-4db1-941c-c0a73ed1ae79\" bis_skin_checked=\"1\">Descargue la Gu\u00eda r\u00e1pida de referencia<\/a>\n<\/div>\n\n<\/div>\n\n\n\n<div class=\"wp-block-uagb-container uagb-block-45cad744 default uagb-is-root-container\">\n<div class=\"wp-block-uagb-image alignright uagb-block-59dbb334 wp-block-uagb-image--layout-default wp-block-uagb-image--effect-static wp-block-uagb-image--align-right\"><figure class=\"wp-block-uagb-image__figure\"><img decoding=\"async\" srcset=\"https:\/\/cpsconveyors.com.au\/wp-content\/uploads\/2023\/08\/CPS-Quick-Product-Guide-01-1024x724.jpg ,https:\/\/cpsconveyors.com.au\/wp-content\/uploads\/2023\/08\/CPS-Quick-Product-Guide-01.jpg 780w, https:\/\/cpsconveyors.com.au\/wp-content\/uploads\/2023\/08\/CPS-Quick-Product-Guide-01.jpg 360w\" sizes=\"auto, (max-width: 480px) 150px\" src=\"https:\/\/cpsconveyors.com.au\/wp-content\/uploads\/2023\/08\/CPS-Quick-Product-Guide-01-1024x724.jpg\" alt=\"This is an image of the CPS Product Guide 2025 title page\" class=\"uag-image-13983\" width=\"360\" height=\"255\" title=\"CPS-Quick-Product-Guide-01\" loading=\"lazy\" role=\"img\"\/><\/figure><\/div>\n<\/div>\n<\/div><\/div>\n<\/div><\/div>","protected":false},"excerpt":{"rendered":"<p>SKF Reference Guide CPS and SKF Partnership: Setting a New Standard for Conveyor Quality and Performance&nbsp; Our partnership with SKF marks a milestone in revolutionising conveyor systems for Australia&#8217;s mining operations. We&#8217;ve redefined industry standards, ensuring unparalleled reliability, efficiency, and leadership in conveying technology. CPS Achieves SKF Equipped Status CPS Conveyor Rollers have passed SKF\u2019s [&hellip;]<\/p>","protected":false},"author":1,"featured_media":0,"parent":0,"menu_order":0,"comment_status":"closed","ping_status":"closed","template":"","meta":{"_uag_custom_page_level_css":"body #content .left-box-bg2, body #content .right-box-bg2 {\n    padding: 10px;\n}","site-sidebar-layout":"no-sidebar","site-content-layout":"page-builder","ast-site-content-layout":"full-width-container","site-content-style":"unboxed","site-sidebar-style":"unboxed","ast-global-header-display":"","ast-banner-title-visibility":"","ast-main-header-display":"","ast-hfb-above-header-display":"","ast-hfb-below-header-display":"","ast-hfb-mobile-header-display":"","site-post-title":"disabled","ast-breadcrumbs-content":"","ast-featured-img":"disabled","footer-sml-layout":"","ast-disable-related-posts":"","theme-transparent-header-meta":"default","adv-header-id-meta":"","stick-header-meta":"","header-above-stick-meta":"","header-main-stick-meta":"","header-below-stick-meta":"","astra-migrate-meta-layouts":"set","ast-page-background-enabled":"default","ast-page-background-meta":{"desktop":{"background-color":"var(--ast-global-color-4)","background-image":"","background-repeat":"repeat","background-position":"center center","background-size":"auto","background-attachment":"scroll","background-type":"","background-media":"","overlay-type":"","overlay-color":"","overlay-opacity":"","overlay-gradient":""},"tablet":{"background-color":"","background-image":"","background-repeat":"repeat","background-position":"center center","background-size":"auto","background-attachment":"scroll","background-type":"","background-media":"","overlay-type":"","overlay-color":"","overlay-opacity":"","overlay-gradient":""},"mobile":{"background-color":"","background-image":"","background-repeat":"repeat","background-position":"center center","background-size":"auto","background-attachment":"scroll","background-type":"","background-media":"","overlay-type":"","overlay-color":"","overlay-opacity":"","overlay-gradient":""}},"ast-content-background-meta":{"desktop":{"background-color":"var(--ast-global-color-5)","background-image":"","background-repeat":"repeat","background-position":"center center","background-size":"auto","background-attachment":"scroll","background-type":"","background-media":"","overlay-type":"","overlay-color":"","overlay-opacity":"","overlay-gradient":""},"tablet":{"background-color":"var(--ast-global-color-5)","background-image":"","background-repeat":"repeat","background-position":"center center","background-size":"auto","background-attachment":"scroll","background-type":"","background-media":"","overlay-type":"","overlay-color":"","overlay-opacity":"","overlay-gradient":""},"mobile":{"background-color":"var(--ast-global-color-5)","background-image":"","background-repeat":"repeat","background-position":"center center","background-size":"auto","background-attachment":"scroll","background-type":"","background-media":"","overlay-type":"","overlay-color":"","overlay-opacity":"","overlay-gradient":""}},"footnotes":""},"class_list":["post-12619","page","type-page","status-publish","hentry"],"acf":[],"yoast_head":"<!-- This site is optimized with the Yoast SEO plugin v26.9 - https:\/\/yoast.com\/product\/yoast-seo-wordpress\/ -->\n<title>SKF Bearing Reference Guide | CPS Conveyors<\/title>\n<meta name=\"description\" content=\"Download the CPS and SKF bearing reference guide for conveyor rollers and idler sets. Technical selection data for SKF bearings used across the full CPS roller range.\" \/>\n<meta name=\"robots\" content=\"index, follow, max-snippet:-1, max-image-preview:large, max-video-preview:-1\" \/>\n<link rel=\"canonical\" href=\"https:\/\/cpsconveyors.com.au\/es\/skf-reference-guide\/\" \/>\n<meta property=\"og:locale\" content=\"es_ES\" \/>\n<meta property=\"og:type\" content=\"article\" \/>\n<meta property=\"og:title\" content=\"SKF Bearing Reference Guide | CPS Conveyors\" \/>\n<meta property=\"og:description\" content=\"Download the CPS and SKF bearing reference guide for conveyor rollers and idler sets. Technical selection data for SKF bearings used across the full CPS roller range.\" \/>\n<meta property=\"og:url\" content=\"https:\/\/cpsconveyors.com.au\/es\/skf-reference-guide\/\" \/>\n<meta property=\"og:site_name\" content=\"CPS Conveyors | Conveyor Product and Solutions\" \/>\n<meta property=\"article:modified_time\" content=\"2026-04-03T06:36:39+00:00\" \/>\n<meta property=\"og:image\" content=\"https:\/\/wpstaq-ap-southeast-2-media.s3.amazonaws.com\/cps-testserver\/wp-content\/uploads\/media\/2024\/03\/CPS-21st-Anniversary-Logo_APAC.png\" \/>\n<meta name=\"twitter:card\" content=\"summary_large_image\" \/>\n<meta name=\"twitter:label1\" content=\"Tiempo estimado de lectura\" \/>\n\t<meta name=\"twitter:data1\" content=\"4 minutos\" \/>\n<script type=\"application\/ld+json\" class=\"yoast-schema-graph\">{\"@context\":\"https:\/\/schema.org\",\"@graph\":[{\"@type\":\"WebPage\",\"@id\":\"https:\/\/cpsconveyors.com.au\/skf-reference-guide\/\",\"url\":\"https:\/\/cpsconveyors.com.au\/skf-reference-guide\/\",\"name\":\"SKF Bearing Reference Guide | CPS Conveyors\",\"isPartOf\":{\"@id\":\"https:\/\/cpsconveyors.com.au\/#website\"},\"primaryImageOfPage\":{\"@id\":\"https:\/\/cpsconveyors.com.au\/skf-reference-guide\/#primaryimage\"},\"image\":{\"@id\":\"https:\/\/cpsconveyors.com.au\/skf-reference-guide\/#primaryimage\"},\"thumbnailUrl\":\"https:\/\/wpstaq-ap-southeast-2-media.s3.amazonaws.com\/cps-testserver\/wp-content\/uploads\/media\/2024\/03\/CPS-21st-Anniversary-Logo_APAC.png\",\"datePublished\":\"2024-03-26T04:20:08+00:00\",\"dateModified\":\"2026-04-03T06:36:39+00:00\",\"description\":\"Download the CPS and SKF bearing reference guide for conveyor rollers and idler sets. Technical selection data for SKF bearings used across the full CPS roller range.\",\"breadcrumb\":{\"@id\":\"https:\/\/cpsconveyors.com.au\/skf-reference-guide\/#breadcrumb\"},\"inLanguage\":\"es-CL\",\"potentialAction\":[{\"@type\":\"ReadAction\",\"target\":[\"https:\/\/cpsconveyors.com.au\/skf-reference-guide\/\"]}]},{\"@type\":\"ImageObject\",\"inLanguage\":\"es-CL\",\"@id\":\"https:\/\/cpsconveyors.com.au\/skf-reference-guide\/#primaryimage\",\"url\":\"https:\/\/wpstaq-ap-southeast-2-media.s3.amazonaws.com\/cps-testserver\/wp-content\/uploads\/media\/2024\/03\/CPS-21st-Anniversary-Logo_APAC.png\",\"contentUrl\":\"https:\/\/wpstaq-ap-southeast-2-media.s3.amazonaws.com\/cps-testserver\/wp-content\/uploads\/media\/2024\/03\/CPS-21st-Anniversary-Logo_APAC.png\"},{\"@type\":\"BreadcrumbList\",\"@id\":\"https:\/\/cpsconveyors.com.au\/skf-reference-guide\/#breadcrumb\",\"itemListElement\":[{\"@type\":\"ListItem\",\"position\":1,\"name\":\"Home\",\"item\":\"https:\/\/cpsconveyors.com.au\/\"},{\"@type\":\"ListItem\",\"position\":2,\"name\":\"SKF Reference Guide\"}]},{\"@type\":\"WebSite\",\"@id\":\"https:\/\/cpsconveyors.com.au\/#website\",\"url\":\"https:\/\/cpsconveyors.com.au\/\",\"name\":\"CPS Conveyors | Conveyor Product and Solutions\",\"description\":\"\",\"publisher\":{\"@id\":\"https:\/\/cpsconveyors.com.au\/#organization\"},\"potentialAction\":[{\"@type\":\"SearchAction\",\"target\":{\"@type\":\"EntryPoint\",\"urlTemplate\":\"https:\/\/cpsconveyors.com.au\/?s={search_term_string}\"},\"query-input\":{\"@type\":\"PropertyValueSpecification\",\"valueRequired\":true,\"valueName\":\"search_term_string\"}}],\"inLanguage\":\"es-CL\"},{\"@type\":\"Organization\",\"@id\":\"https:\/\/cpsconveyors.com.au\/#organization\",\"name\":\"CPS Conveyors | Conveyor Product and Solutions\",\"url\":\"https:\/\/cpsconveyors.com.au\/\",\"logo\":{\"@type\":\"ImageObject\",\"inLanguage\":\"es-CL\",\"@id\":\"https:\/\/cpsconveyors.com.au\/#\/schema\/logo\/image\/\",\"url\":\"https:\/\/cpsconveyors.com.au\/wp-content\/uploads\/2023\/08\/CPS-Logo.png\",\"contentUrl\":\"https:\/\/cpsconveyors.com.au\/wp-content\/uploads\/2023\/08\/CPS-Logo.png\",\"width\":270,\"height\":75,\"caption\":\"CPS Conveyors | Conveyor Product and Solutions\"},\"image\":{\"@id\":\"https:\/\/cpsconveyors.com.au\/#\/schema\/logo\/image\/\"}}]}<\/script>\n<!-- \/ Yoast SEO plugin. -->","yoast_head_json":{"title":"SKF Bearing Reference Guide | CPS Conveyors","description":"Download the CPS and SKF bearing reference guide for conveyor rollers and idler sets. Technical selection data for SKF bearings used across the full CPS roller range.","robots":{"index":"index","follow":"follow","max-snippet":"max-snippet:-1","max-image-preview":"max-image-preview:large","max-video-preview":"max-video-preview:-1"},"canonical":"https:\/\/cpsconveyors.com.au\/es\/skf-reference-guide\/","og_locale":"es_ES","og_type":"article","og_title":"SKF Bearing Reference Guide | CPS Conveyors","og_description":"Download the CPS and SKF bearing reference guide for conveyor rollers and idler sets. Technical selection data for SKF bearings used across the full CPS roller range.","og_url":"https:\/\/cpsconveyors.com.au\/es\/skf-reference-guide\/","og_site_name":"CPS Conveyors | Conveyor Product and Solutions","article_modified_time":"2026-04-03T06:36:39+00:00","og_image":[{"url":"https:\/\/wpstaq-ap-southeast-2-media.s3.amazonaws.com\/cps-testserver\/wp-content\/uploads\/media\/2024\/03\/CPS-21st-Anniversary-Logo_APAC.png","type":"","width":"","height":""}],"twitter_card":"summary_large_image","twitter_misc":{"Tiempo estimado de lectura":"4 minutos"},"schema":{"@context":"https:\/\/schema.org","@graph":[{"@type":"WebPage","@id":"https:\/\/cpsconveyors.com.au\/skf-reference-guide\/","url":"https:\/\/cpsconveyors.com.au\/skf-reference-guide\/","name":"SKF Bearing Reference Guide | CPS Conveyors","isPartOf":{"@id":"https:\/\/cpsconveyors.com.au\/#website"},"primaryImageOfPage":{"@id":"https:\/\/cpsconveyors.com.au\/skf-reference-guide\/#primaryimage"},"image":{"@id":"https:\/\/cpsconveyors.com.au\/skf-reference-guide\/#primaryimage"},"thumbnailUrl":"https:\/\/wpstaq-ap-southeast-2-media.s3.amazonaws.com\/cps-testserver\/wp-content\/uploads\/media\/2024\/03\/CPS-21st-Anniversary-Logo_APAC.png","datePublished":"2024-03-26T04:20:08+00:00","dateModified":"2026-04-03T06:36:39+00:00","description":"Download the CPS and SKF bearing reference guide for conveyor rollers and idler sets. Technical selection data for SKF bearings used across the full CPS roller range.","breadcrumb":{"@id":"https:\/\/cpsconveyors.com.au\/skf-reference-guide\/#breadcrumb"},"inLanguage":"es-CL","potentialAction":[{"@type":"ReadAction","target":["https:\/\/cpsconveyors.com.au\/skf-reference-guide\/"]}]},{"@type":"ImageObject","inLanguage":"es-CL","@id":"https:\/\/cpsconveyors.com.au\/skf-reference-guide\/#primaryimage","url":"https:\/\/wpstaq-ap-southeast-2-media.s3.amazonaws.com\/cps-testserver\/wp-content\/uploads\/media\/2024\/03\/CPS-21st-Anniversary-Logo_APAC.png","contentUrl":"https:\/\/wpstaq-ap-southeast-2-media.s3.amazonaws.com\/cps-testserver\/wp-content\/uploads\/media\/2024\/03\/CPS-21st-Anniversary-Logo_APAC.png"},{"@type":"BreadcrumbList","@id":"https:\/\/cpsconveyors.com.au\/skf-reference-guide\/#breadcrumb","itemListElement":[{"@type":"ListItem","position":1,"name":"Home","item":"https:\/\/cpsconveyors.com.au\/"},{"@type":"ListItem","position":2,"name":"SKF Reference Guide"}]},{"@type":"WebSite","@id":"https:\/\/cpsconveyors.com.au\/#website","url":"https:\/\/cpsconveyors.com.au\/","name":"CPS Conveyors | Conveyor Product and Solutions","description":"","publisher":{"@id":"https:\/\/cpsconveyors.com.au\/#organization"},"potentialAction":[{"@type":"SearchAction","target":{"@type":"EntryPoint","urlTemplate":"https:\/\/cpsconveyors.com.au\/?s={search_term_string}"},"query-input":{"@type":"PropertyValueSpecification","valueRequired":true,"valueName":"search_term_string"}}],"inLanguage":"es-CL"},{"@type":"Organization","@id":"https:\/\/cpsconveyors.com.au\/#organization","name":"CPS Conveyors | Conveyor Product and Solutions","url":"https:\/\/cpsconveyors.com.au\/","logo":{"@type":"ImageObject","inLanguage":"es-CL","@id":"https:\/\/cpsconveyors.com.au\/#\/schema\/logo\/image\/","url":"https:\/\/cpsconveyors.com.au\/wp-content\/uploads\/2023\/08\/CPS-Logo.png","contentUrl":"https:\/\/cpsconveyors.com.au\/wp-content\/uploads\/2023\/08\/CPS-Logo.png","width":270,"height":75,"caption":"CPS Conveyors | Conveyor Product and Solutions"},"image":{"@id":"https:\/\/cpsconveyors.com.au\/#\/schema\/logo\/image\/"}}]}},"uagb_featured_image_src":{"full":false,"thumbnail":false,"medium":false,"medium_large":false,"large":false,"1536x1536":false,"2048x2048":false,"trp-custom-language-flag":false,"gform-image-choice-sm":false,"gform-image-choice-md":false,"gform-image-choice-lg":false},"uagb_author_info":{"display_name":"CPS Conveyors","author_link":"https:\/\/cpsconveyors.com.au\/es\/author\/teamagency\/"},"uagb_comment_info":0,"uagb_excerpt":"SKF Reference Guide CPS and SKF Partnership: Setting a New Standard for Conveyor Quality and Performance&nbsp; Our partnership with SKF marks a milestone in revolutionising conveyor systems for Australia&#8217;s mining operations. We&#8217;ve redefined industry standards, ensuring unparalleled reliability, efficiency, and leadership in conveying technology. CPS Achieves SKF Equipped Status CPS Conveyor Rollers have passed SKF\u2019s&hellip;","_links":{"self":[{"href":"https:\/\/cpsconveyors.com.au\/es\/wp-json\/wp\/v2\/pages\/12619","targetHints":{"allow":["GET"]}}],"collection":[{"href":"https:\/\/cpsconveyors.com.au\/es\/wp-json\/wp\/v2\/pages"}],"about":[{"href":"https:\/\/cpsconveyors.com.au\/es\/wp-json\/wp\/v2\/types\/page"}],"author":[{"embeddable":true,"href":"https:\/\/cpsconveyors.com.au\/es\/wp-json\/wp\/v2\/users\/1"}],"replies":[{"embeddable":true,"href":"https:\/\/cpsconveyors.com.au\/es\/wp-json\/wp\/v2\/comments?post=12619"}],"version-history":[{"count":1,"href":"https:\/\/cpsconveyors.com.au\/es\/wp-json\/wp\/v2\/pages\/12619\/revisions"}],"predecessor-version":[{"id":13952,"href":"https:\/\/cpsconveyors.com.au\/es\/wp-json\/wp\/v2\/pages\/12619\/revisions\/13952"}],"wp:attachment":[{"href":"https:\/\/cpsconveyors.com.au\/es\/wp-json\/wp\/v2\/media?parent=12619"}],"curies":[{"name":"wp","href":"https:\/\/api.w.org\/{rel}","templated":true}]}}