{"id":13474,"date":"2024-08-16T07:17:53","date_gmt":"2024-08-16T07:17:53","guid":{"rendered":"https:\/\/cpsconveyors.com.au\/?page_id=13474"},"modified":"2026-04-02T02:33:58","modified_gmt":"2026-04-02T02:33:58","slug":"privacy-policy","status":"publish","type":"page","link":"https:\/\/cpsconveyors.com.au\/es\/privacy-policy\/","title":{"rendered":"Pol\u00edtica de Privacidad"},"content":{"rendered":"<div class=\"wp-block-uagb-container uagb-block-dd993421 alignfull uagb-is-root-container\"><div class=\"uagb-container-inner-blocks-wrap\">\n<div class=\"wp-block-uagb-container uagb-block-2d477c78\">\n<div class=\"wp-block-uagb-container uagb-block-d30d1a6e\">\n<div class=\"wp-block-uagb-advanced-heading uagb-block-3d161997 b-l\"><h1 class=\"uagb-heading-text\">Pol\u00edtica de Privacidad<\/h1><\/div>\n<\/div>\n\n\n\n<div class=\"wp-block-uagb-container uag-hide-desktop uag-hide-tab uag-hide-mob uagb-block-caee5013\">\n<div class=\"wp-block-uagb-image alignright uagb-block-3edfc8a1 wp-block-uagb-image--layout-default wp-block-uagb-image--effect-static wp-block-uagb-image--align-right\"><figure class=\"wp-block-uagb-image__figure\"><img decoding=\"async\" srcset=\"\" sizes=\"auto, (max-width: 480px) 150px\" src=\"https:\/\/wpstaq-ap-southeast-2-media.s3.amazonaws.com\/cps-testserver\/wp-content\/uploads\/media\/2024\/03\/CPS-21st-Anniversary-Logo_LATAM.png\" alt=\"\" class=\"uag-image-12595\" width=\"135\" height=\"142\" title=\"CPS-21st Anniversary-Logo_APAC\" loading=\"lazy\" role=\"img\" data-srcset=\"\"\/><\/figure><\/div>\n<\/div>\n<\/div>\n<\/div><\/div>\n\n\n\n<div class=\"wp-block-uagb-container uagb-block-151d5c08 alignfull uagb-is-root-container\"><div class=\"uagb-container-inner-blocks-wrap\">\n<p class=\"uagb-desc-text has-ast-global-color-2-color has-text-color has-link-color wp-elements-afc59d5c0b5dc63403c040158ea8b601\" style=\"padding-left:var(--wp--preset--spacing--50)\">This policy outlines the ongoing obligations of Conveyor Products and Solutions (CPS) in respect of how Personal Information is managed. CPS have adopted the Australian Privacy Principles (APPs) contained in the Privacy Act 1988 (Cth) (the Privacy Act). The APPs govern the way in which we collect, use, disclose, store, secure and dispose of Personal Information. A copy of the Australian Privacy Principles may be obtained from the website of The Office of the Australian Information Commissioner at <a href=\"https:\/\/www.aoic.gov.au\" target=\"_blank\" rel=\"noopener\" title=\"\">www.aoic.gov.au<\/a>.<\/p>\n\n\n\n<div class=\"wp-block-uagb-advanced-heading uagb-block-bb8e9a1e b-l2\"><h3 class=\"uagb-heading-text\">WHAT IS PERSONAL INFORMATION AND WHY DO WE COLLECT IT?<\/h3><\/div>\n\n\n\n<p class=\"uagb-desc-text\" style=\"padding-left:var(--wp--preset--spacing--50)\">Personal Information is information or an opinion that identifies an individual. Examples of Personal Information CPS collects include names, addresses, email addresses, phone, emergency contact(s), and other similar details. This Personal Information is obtained in many ways including job applications, interviews, correspondence, by telephone, by email, and from third parties. CPS collects Personal Information for the primary purpose of providing our products and services to customers, and meeting our obligations as an employer. Personal Information may also be used for secondary purposes closely related to the primary purpose in circumstances that such use or disclosure could be reasonably expected. Customers may unsubscribe from our mailing\/marketing lists at any time by contacting us in writing. When collecting Personal Information CPS will, where appropriate and where possible, explain why the information is being collected and how it is planned to be used.<\/p>\n\n\n\n<div class=\"wp-block-uagb-advanced-heading uagb-block-ef5ab11e b-l2\"><h3 class=\"uagb-heading-text\">SENSITIVE INFORMATION<\/h3><\/div>\n\n\n\n<p class=\"uagb-desc-text\" style=\"padding-left:var(--wp--preset--spacing--50)\">Sensitive information is defined in the Privacy Act to include information or opinion about such things as an individual&#8217;s racial or ethnic origin, political opinions, membership of a political association, religious or philosophical beliefs, membership of a trade union or other professional body, criminal record or health information. Sensitive information will be used by us only:<\/p>\n\n\n\n<ul style=\"padding-bottom:var(--wp--preset--spacing--60);padding-left:var(--wp--preset--spacing--50)\" class=\"wp-block-list\">\n<li style=\"padding-left:var(--wp--preset--spacing--50)\">For the primary purpose for which it was obtained<\/li>\n\n\n\n<li style=\"padding-left:var(--wp--preset--spacing--50)\">For a secondary purpose that is directly related to the primary purpose<\/li>\n\n\n\n<li style=\"padding-left:var(--wp--preset--spacing--50)\">With the individual\u2019s consent; or where required or authorised by law.<\/li>\n<\/ul>\n\n\n\n<div class=\"wp-block-uagb-advanced-heading uagb-block-7ddf946f b-l2\"><h3 class=\"uagb-heading-text\">THIRD PARTIES<\/h3><\/div>\n\n\n\n<p class=\"uagb-desc-text\" style=\"padding-left:var(--wp--preset--spacing--50)\">Where reasonable and practicable to do so, CPS will collect Personal Information directly from an individual. However, in some circumstances Personal Information may be provided by third parties. In such a case CPS will take reasonable steps to ensure the individual is made aware of the information provided by the third party.<\/p>\n\n\n\n<div class=\"wp-block-uagb-advanced-heading uagb-block-9c4c54aa b-l2\"><h3 class=\"uagb-heading-text\">DISCLOSURE OF PERSONAL INFORMATION<\/h3><\/div>\n\n\n\n<p class=\"uagb-desc-text\" style=\"padding-left:var(--wp--preset--spacing--50)\">Personal Information may be disclosed in a number of circumstances including the following:<\/p>\n\n\n\n<ul style=\"padding-bottom:var(--wp--preset--spacing--60);padding-left:var(--wp--preset--spacing--50)\" class=\"wp-block-list\">\n<li style=\"padding-bottom:0;padding-left:var(--wp--preset--spacing--50)\">Third parties where the individual has consented to the use or disclosure; and<\/li>\n\n\n\n<li style=\"padding-left:var(--wp--preset--spacing--50)\">Where required or authorised by law.<\/li>\n<\/ul>\n\n\n\n<div class=\"wp-block-uagb-advanced-heading uagb-block-548abf69 b-l2\"><h3 class=\"uagb-heading-text\">SECURITY OF PERSONAL INFORMATION<\/h3><\/div>\n\n\n\n<p class=\"uagb-desc-text\" style=\"padding-left:var(--wp--preset--spacing--50)\">Personal Information is stored in a manner that reasonably protects it from misuse and loss and from unauthorized access, modification or disclosure. When Personal Information is no longer needed for the purpose for which it was obtained, we will take reasonable steps to destroy or permanently de-identify your Personal Information. However, most of the Personal Information is or will be stored in client files which will be kept by us for a minimum of 7 years.<\/p>\n\n\n\n<div class=\"wp-block-uagb-advanced-heading uagb-block-8cb2cc1e b-l2\"><h3 class=\"uagb-heading-text\">ACCESS TO YOUR PERSONAL INFORMATION<\/h3><\/div>\n\n\n\n<p class=\"uagb-desc-text\" style=\"padding-left:var(--wp--preset--spacing--50)\">You may access the Personal Information we hold about you and to update and\/or correct it, subject to certain exceptions. If you wish to access your Personal Information, please contact us in writing. In order to protect Personal Information, CPS may require identification before releasing the requested information.<\/p>\n\n\n\n<div class=\"wp-block-uagb-advanced-heading uagb-block-d5867858 b-l2\"><h3 class=\"uagb-heading-text\">MAINTAINING THE QUALITY OF YOUR PERSONAL INFORMATION<\/h3><\/div>\n\n\n\n<p class=\"uagb-desc-text\" style=\"padding-left:var(--wp--preset--spacing--50)\">It is an important to us that your Personal Information is up to date. We will take reasonable steps to make sure that your Personal Information is accurate, complete and up to date. If you find that the information we have is not up to date or is inaccurate, please advise us as soon as practicable so we can update our records and ensure we can continue to provide quality services to you.<\/p>\n\n\n\n<div class=\"wp-block-uagb-advanced-heading uagb-block-9241b030 b-l2\"><h3 class=\"uagb-heading-text\">PRIVACY POLICY COMPLAINTS AND ENQUIRIES<\/h3><\/div>\n\n\n\n<p class=\"uagb-desc-text\" style=\"padding-left:var(--wp--preset--spacing--50)\">Any queries or complaints about our Privacy Policy should be addressed to either CPS HR Resource or General Manager \u2013 Operations or General Manager \u2013 Commercial &amp; Finance.<\/p>\n<\/div><\/div>\n\n\n\n<div id=\"top-footer\" class=\"wp-block-uagb-container uagb-block-dbe96949 alignfull uagb-is-root-container\"><div class=\"uagb-container-inner-blocks-wrap\">\n<div class=\"wp-block-uagb-container uagb-block-99362d85 alignfull uagb-is-root-container\"><div class=\"uagb-container-inner-blocks-wrap\">\n<div class=\"wp-block-uagb-container uagb-block-c1a7eb87 default uagb-is-root-container\">\n<div class=\"wp-block-uagb-advanced-heading uagb-block-609b96ec\"><h2 class=\"uagb-heading-text translation-block\">Descargue la \u00faltima gu\u00eda r\u00e1pida de referencia de nuestros productos\u200b\u200b<\/h2><p class=\"uagb-desc-text\">Consulte la gama de equipos fabricados para cintas transportadoras y las soluciones de ingenier\u00eda de CPS.<\/p><\/div>\n\n\n\n\n\n\n\n\n<div class=\"tf-btn wp-block-button\">\n<a class=\"wp-block-button__link\" href=\"\/es\/content-hub\/\">Vea todas las descargas<\/a>\n<a class=\"fancybox-inline data_link wp-block-button__link\" href=\"#dl-modal\" data-title=\"Quick Product Reference ES\" data-link=\"https:\/\/wpstaq-ap-southeast-2-media.s3.amazonaws.com\/cps-testserver\/wp-content\/uploads\/media\/2025\/09\/CPS-Guia-Rapida-de-referencia-min.pdf\" form-id=\"b2a927dd-55f7-4db1-941c-c0a73ed1ae79\" bis_skin_checked=\"1\">Descargue la Gu\u00eda r\u00e1pida de referencia<\/a>\n<\/div>\n\n<\/div>\n\n\n\n<div class=\"wp-block-uagb-container uagb-block-45cad744 default uagb-is-root-container\">\n<div class=\"wp-block-uagb-image alignright uagb-block-59dbb334 wp-block-uagb-image--layout-default wp-block-uagb-image--effect-static wp-block-uagb-image--align-right\"><figure class=\"wp-block-uagb-image__figure\"><img decoding=\"async\" srcset=\"https:\/\/cpsconveyors.com.au\/wp-content\/uploads\/2023\/08\/CPS-Quick-Product-Guide-01-1024x724.jpg ,https:\/\/cpsconveyors.com.au\/wp-content\/uploads\/2023\/08\/CPS-Quick-Product-Guide-01.jpg 780w, https:\/\/cpsconveyors.com.au\/wp-content\/uploads\/2023\/08\/CPS-Quick-Product-Guide-01.jpg 360w\" sizes=\"auto, (max-width: 480px) 150px\" src=\"https:\/\/cpsconveyors.com.au\/wp-content\/uploads\/2023\/08\/CPS-Quick-Product-Guide-01-1024x724.jpg\" alt=\"This is an image of the CPS Product Guide 2025 title page\" class=\"uag-image-13983\" width=\"360\" height=\"255\" title=\"CPS-Quick-Product-Guide-01\" loading=\"lazy\" role=\"img\"\/><\/figure><\/div>\n<\/div>\n<\/div><\/div>\n<\/div><\/div>","protected":false},"excerpt":{"rendered":"<p>Privacy Policy This policy outlines the ongoing obligations of Conveyor Products and Solutions (CPS) in respect of how Personal Information is managed. CPS have adopted the Australian Privacy Principles (APPs) contained in the Privacy Act 1988 (Cth) (the Privacy Act). The APPs govern the way in which we collect, use, disclose, store, secure and dispose [&hellip;]<\/p>","protected":false},"author":1,"featured_media":0,"parent":0,"menu_order":0,"comment_status":"closed","ping_status":"closed","template":"","meta":{"_uag_custom_page_level_css":"","site-sidebar-layout":"no-sidebar","site-content-layout":"page-builder","ast-site-content-layout":"full-width-container","site-content-style":"unboxed","site-sidebar-style":"unboxed","ast-global-header-display":"","ast-banner-title-visibility":"","ast-main-header-display":"","ast-hfb-above-header-display":"","ast-hfb-below-header-display":"","ast-hfb-mobile-header-display":"","site-post-title":"disabled","ast-breadcrumbs-content":"","ast-featured-img":"disabled","footer-sml-layout":"","ast-disable-related-posts":"","theme-transparent-header-meta":"default","adv-header-id-meta":"","stick-header-meta":"","header-above-stick-meta":"","header-main-stick-meta":"","header-below-stick-meta":"","astra-migrate-meta-layouts":"set","ast-page-background-enabled":"default","ast-page-background-meta":{"desktop":{"background-color":"var(--ast-global-color-4)","background-image":"","background-repeat":"repeat","background-position":"center center","background-size":"auto","background-attachment":"scroll","background-type":"","background-media":"","overlay-type":"","overlay-color":"","overlay-opacity":"","overlay-gradient":""},"tablet":{"background-color":"","background-image":"","background-repeat":"repeat","background-position":"center center","background-size":"auto","background-attachment":"scroll","background-type":"","background-media":"","overlay-type":"","overlay-color":"","overlay-opacity":"","overlay-gradient":""},"mobile":{"background-color":"","background-image":"","background-repeat":"repeat","background-position":"center center","background-size":"auto","background-attachment":"scroll","background-type":"","background-media":"","overlay-type":"","overlay-color":"","overlay-opacity":"","overlay-gradient":""}},"ast-content-background-meta":{"desktop":{"background-color":"var(--ast-global-color-5)","background-image":"","background-repeat":"repeat","background-position":"center center","background-size":"auto","background-attachment":"scroll","background-type":"","background-media":"","overlay-type":"","overlay-color":"","overlay-opacity":"","overlay-gradient":""},"tablet":{"background-color":"var(--ast-global-color-5)","background-image":"","background-repeat":"repeat","background-position":"center center","background-size":"auto","background-attachment":"scroll","background-type":"","background-media":"","overlay-type":"","overlay-color":"","overlay-opacity":"","overlay-gradient":""},"mobile":{"background-color":"var(--ast-global-color-5)","background-image":"","background-repeat":"repeat","background-position":"center center","background-size":"auto","background-attachment":"scroll","background-type":"","background-media":"","overlay-type":"","overlay-color":"","overlay-opacity":"","overlay-gradient":""}},"footnotes":""},"class_list":["post-13474","page","type-page","status-publish","hentry"],"acf":[],"yoast_head":"<!-- This site is optimized with the Yoast SEO plugin v26.9 - https:\/\/yoast.com\/product\/yoast-seo-wordpress\/ -->\n<title>Privacy Policy | CPS Conveyors Australia<\/title>\n<meta name=\"description\" content=\"Read the CPS Conveyors privacy policy covering how personal information is collected, used, and protected across our website and business operations in Australia.\" \/>\n<meta name=\"robots\" content=\"index, follow, max-snippet:-1, max-image-preview:large, max-video-preview:-1\" \/>\n<link rel=\"canonical\" href=\"https:\/\/cpsconveyors.com.au\/es\/privacy-policy\/\" \/>\n<meta property=\"og:locale\" content=\"es_ES\" \/>\n<meta property=\"og:type\" content=\"article\" \/>\n<meta property=\"og:title\" content=\"Privacy Policy | CPS Conveyors Australia\" \/>\n<meta property=\"og:description\" content=\"Read the CPS Conveyors privacy policy covering how personal information is collected, used, and protected across our website and business operations in Australia.\" \/>\n<meta property=\"og:url\" content=\"https:\/\/cpsconveyors.com.au\/es\/privacy-policy\/\" \/>\n<meta property=\"og:site_name\" content=\"CPS Conveyors | Conveyor Product and Solutions\" \/>\n<meta property=\"article:modified_time\" content=\"2026-04-02T02:33:58+00:00\" \/>\n<meta property=\"og:image\" content=\"https:\/\/wpstaq-ap-southeast-2-media.s3.amazonaws.com\/cps-testserver\/wp-content\/uploads\/media\/2024\/03\/CPS-21st-Anniversary-Logo_APAC.png\" \/>\n<meta name=\"twitter:card\" content=\"summary_large_image\" \/>\n<meta name=\"twitter:label1\" content=\"Tiempo estimado de lectura\" \/>\n\t<meta name=\"twitter:data1\" content=\"7 minutos\" \/>\n<script type=\"application\/ld+json\" class=\"yoast-schema-graph\">{\"@context\":\"https:\/\/schema.org\",\"@graph\":[{\"@type\":\"WebPage\",\"@id\":\"https:\/\/cpsconveyors.com.au\/privacy-policy\/\",\"url\":\"https:\/\/cpsconveyors.com.au\/privacy-policy\/\",\"name\":\"Privacy Policy | CPS Conveyors Australia\",\"isPartOf\":{\"@id\":\"https:\/\/cpsconveyors.com.au\/#website\"},\"primaryImageOfPage\":{\"@id\":\"https:\/\/cpsconveyors.com.au\/privacy-policy\/#primaryimage\"},\"image\":{\"@id\":\"https:\/\/cpsconveyors.com.au\/privacy-policy\/#primaryimage\"},\"thumbnailUrl\":\"https:\/\/wpstaq-ap-southeast-2-media.s3.amazonaws.com\/cps-testserver\/wp-content\/uploads\/media\/2024\/03\/CPS-21st-Anniversary-Logo_APAC.png\",\"datePublished\":\"2024-08-16T07:17:53+00:00\",\"dateModified\":\"2026-04-02T02:33:58+00:00\",\"description\":\"Read the CPS Conveyors privacy policy covering how personal information is collected, used, and protected across our website and business operations in Australia.\",\"breadcrumb\":{\"@id\":\"https:\/\/cpsconveyors.com.au\/privacy-policy\/#breadcrumb\"},\"inLanguage\":\"es-CL\",\"potentialAction\":[{\"@type\":\"ReadAction\",\"target\":[\"https:\/\/cpsconveyors.com.au\/privacy-policy\/\"]}]},{\"@type\":\"ImageObject\",\"inLanguage\":\"es-CL\",\"@id\":\"https:\/\/cpsconveyors.com.au\/privacy-policy\/#primaryimage\",\"url\":\"https:\/\/wpstaq-ap-southeast-2-media.s3.amazonaws.com\/cps-testserver\/wp-content\/uploads\/media\/2024\/03\/CPS-21st-Anniversary-Logo_APAC.png\",\"contentUrl\":\"https:\/\/wpstaq-ap-southeast-2-media.s3.amazonaws.com\/cps-testserver\/wp-content\/uploads\/media\/2024\/03\/CPS-21st-Anniversary-Logo_APAC.png\"},{\"@type\":\"BreadcrumbList\",\"@id\":\"https:\/\/cpsconveyors.com.au\/privacy-policy\/#breadcrumb\",\"itemListElement\":[{\"@type\":\"ListItem\",\"position\":1,\"name\":\"Home\",\"item\":\"https:\/\/cpsconveyors.com.au\/\"},{\"@type\":\"ListItem\",\"position\":2,\"name\":\"Privacy Policy\"}]},{\"@type\":\"WebSite\",\"@id\":\"https:\/\/cpsconveyors.com.au\/#website\",\"url\":\"https:\/\/cpsconveyors.com.au\/\",\"name\":\"CPS Conveyors | Conveyor Product and Solutions\",\"description\":\"\",\"publisher\":{\"@id\":\"https:\/\/cpsconveyors.com.au\/#organization\"},\"potentialAction\":[{\"@type\":\"SearchAction\",\"target\":{\"@type\":\"EntryPoint\",\"urlTemplate\":\"https:\/\/cpsconveyors.com.au\/?s={search_term_string}\"},\"query-input\":{\"@type\":\"PropertyValueSpecification\",\"valueRequired\":true,\"valueName\":\"search_term_string\"}}],\"inLanguage\":\"es-CL\"},{\"@type\":\"Organization\",\"@id\":\"https:\/\/cpsconveyors.com.au\/#organization\",\"name\":\"CPS Conveyors | Conveyor Product and Solutions\",\"url\":\"https:\/\/cpsconveyors.com.au\/\",\"logo\":{\"@type\":\"ImageObject\",\"inLanguage\":\"es-CL\",\"@id\":\"https:\/\/cpsconveyors.com.au\/#\/schema\/logo\/image\/\",\"url\":\"https:\/\/cpsconveyors.com.au\/wp-content\/uploads\/2023\/08\/CPS-Logo.png\",\"contentUrl\":\"https:\/\/cpsconveyors.com.au\/wp-content\/uploads\/2023\/08\/CPS-Logo.png\",\"width\":270,\"height\":75,\"caption\":\"CPS Conveyors | Conveyor Product and Solutions\"},\"image\":{\"@id\":\"https:\/\/cpsconveyors.com.au\/#\/schema\/logo\/image\/\"}}]}<\/script>\n<!-- \/ Yoast SEO plugin. -->","yoast_head_json":{"title":"Privacy Policy | CPS Conveyors Australia","description":"Read the CPS Conveyors privacy policy covering how personal information is collected, used, and protected across our website and business operations in Australia.","robots":{"index":"index","follow":"follow","max-snippet":"max-snippet:-1","max-image-preview":"max-image-preview:large","max-video-preview":"max-video-preview:-1"},"canonical":"https:\/\/cpsconveyors.com.au\/es\/privacy-policy\/","og_locale":"es_ES","og_type":"article","og_title":"Privacy Policy | CPS Conveyors Australia","og_description":"Read the CPS Conveyors privacy policy covering how personal information is collected, used, and protected across our website and business operations in Australia.","og_url":"https:\/\/cpsconveyors.com.au\/es\/privacy-policy\/","og_site_name":"CPS Conveyors | Conveyor Product and Solutions","article_modified_time":"2026-04-02T02:33:58+00:00","og_image":[{"url":"https:\/\/wpstaq-ap-southeast-2-media.s3.amazonaws.com\/cps-testserver\/wp-content\/uploads\/media\/2024\/03\/CPS-21st-Anniversary-Logo_APAC.png","type":"","width":"","height":""}],"twitter_card":"summary_large_image","twitter_misc":{"Tiempo estimado de lectura":"7 minutos"},"schema":{"@context":"https:\/\/schema.org","@graph":[{"@type":"WebPage","@id":"https:\/\/cpsconveyors.com.au\/privacy-policy\/","url":"https:\/\/cpsconveyors.com.au\/privacy-policy\/","name":"Privacy Policy | CPS Conveyors Australia","isPartOf":{"@id":"https:\/\/cpsconveyors.com.au\/#website"},"primaryImageOfPage":{"@id":"https:\/\/cpsconveyors.com.au\/privacy-policy\/#primaryimage"},"image":{"@id":"https:\/\/cpsconveyors.com.au\/privacy-policy\/#primaryimage"},"thumbnailUrl":"https:\/\/wpstaq-ap-southeast-2-media.s3.amazonaws.com\/cps-testserver\/wp-content\/uploads\/media\/2024\/03\/CPS-21st-Anniversary-Logo_APAC.png","datePublished":"2024-08-16T07:17:53+00:00","dateModified":"2026-04-02T02:33:58+00:00","description":"Read the CPS Conveyors privacy policy covering how personal information is collected, used, and protected across our website and business operations in Australia.","breadcrumb":{"@id":"https:\/\/cpsconveyors.com.au\/privacy-policy\/#breadcrumb"},"inLanguage":"es-CL","potentialAction":[{"@type":"ReadAction","target":["https:\/\/cpsconveyors.com.au\/privacy-policy\/"]}]},{"@type":"ImageObject","inLanguage":"es-CL","@id":"https:\/\/cpsconveyors.com.au\/privacy-policy\/#primaryimage","url":"https:\/\/wpstaq-ap-southeast-2-media.s3.amazonaws.com\/cps-testserver\/wp-content\/uploads\/media\/2024\/03\/CPS-21st-Anniversary-Logo_APAC.png","contentUrl":"https:\/\/wpstaq-ap-southeast-2-media.s3.amazonaws.com\/cps-testserver\/wp-content\/uploads\/media\/2024\/03\/CPS-21st-Anniversary-Logo_APAC.png"},{"@type":"BreadcrumbList","@id":"https:\/\/cpsconveyors.com.au\/privacy-policy\/#breadcrumb","itemListElement":[{"@type":"ListItem","position":1,"name":"Home","item":"https:\/\/cpsconveyors.com.au\/"},{"@type":"ListItem","position":2,"name":"Privacy Policy"}]},{"@type":"WebSite","@id":"https:\/\/cpsconveyors.com.au\/#website","url":"https:\/\/cpsconveyors.com.au\/","name":"CPS Conveyors | Conveyor Product and Solutions","description":"","publisher":{"@id":"https:\/\/cpsconveyors.com.au\/#organization"},"potentialAction":[{"@type":"SearchAction","target":{"@type":"EntryPoint","urlTemplate":"https:\/\/cpsconveyors.com.au\/?s={search_term_string}"},"query-input":{"@type":"PropertyValueSpecification","valueRequired":true,"valueName":"search_term_string"}}],"inLanguage":"es-CL"},{"@type":"Organization","@id":"https:\/\/cpsconveyors.com.au\/#organization","name":"CPS Conveyors | Conveyor Product and Solutions","url":"https:\/\/cpsconveyors.com.au\/","logo":{"@type":"ImageObject","inLanguage":"es-CL","@id":"https:\/\/cpsconveyors.com.au\/#\/schema\/logo\/image\/","url":"https:\/\/cpsconveyors.com.au\/wp-content\/uploads\/2023\/08\/CPS-Logo.png","contentUrl":"https:\/\/cpsconveyors.com.au\/wp-content\/uploads\/2023\/08\/CPS-Logo.png","width":270,"height":75,"caption":"CPS Conveyors | Conveyor Product and Solutions"},"image":{"@id":"https:\/\/cpsconveyors.com.au\/#\/schema\/logo\/image\/"}}]}},"uagb_featured_image_src":{"full":false,"thumbnail":false,"medium":false,"medium_large":false,"large":false,"1536x1536":false,"2048x2048":false,"trp-custom-language-flag":false,"gform-image-choice-sm":false,"gform-image-choice-md":false,"gform-image-choice-lg":false},"uagb_author_info":{"display_name":"CPS Conveyors","author_link":"https:\/\/cpsconveyors.com.au\/es\/author\/teamagency\/"},"uagb_comment_info":0,"uagb_excerpt":"Privacy Policy This policy outlines the ongoing obligations of Conveyor Products and Solutions (CPS) in respect of how Personal Information is managed. CPS have adopted the Australian Privacy Principles (APPs) contained in the Privacy Act 1988 (Cth) (the Privacy Act). The APPs govern the way in which we collect, use, disclose, store, secure and dispose&hellip;","_links":{"self":[{"href":"https:\/\/cpsconveyors.com.au\/es\/wp-json\/wp\/v2\/pages\/13474","targetHints":{"allow":["GET"]}}],"collection":[{"href":"https:\/\/cpsconveyors.com.au\/es\/wp-json\/wp\/v2\/pages"}],"about":[{"href":"https:\/\/cpsconveyors.com.au\/es\/wp-json\/wp\/v2\/types\/page"}],"author":[{"embeddable":true,"href":"https:\/\/cpsconveyors.com.au\/es\/wp-json\/wp\/v2\/users\/1"}],"replies":[{"embeddable":true,"href":"https:\/\/cpsconveyors.com.au\/es\/wp-json\/wp\/v2\/comments?post=13474"}],"version-history":[{"count":1,"href":"https:\/\/cpsconveyors.com.au\/es\/wp-json\/wp\/v2\/pages\/13474\/revisions"}],"predecessor-version":[{"id":13949,"href":"https:\/\/cpsconveyors.com.au\/es\/wp-json\/wp\/v2\/pages\/13474\/revisions\/13949"}],"wp:attachment":[{"href":"https:\/\/cpsconveyors.com.au\/es\/wp-json\/wp\/v2\/media?parent=13474"}],"curies":[{"name":"wp","href":"https:\/\/api.w.org\/{rel}","templated":true}]}}