{"id":3383,"date":"2023-09-04T00:21:12","date_gmt":"2023-09-04T00:21:12","guid":{"rendered":"https:\/\/cpsconveyors.com.au\/?page_id=3383"},"modified":"2026-03-25T03:17:56","modified_gmt":"2026-03-25T03:17:56","slug":"careers","status":"publish","type":"page","link":"https:\/\/cpsconveyors.com.au\/es\/careers\/","title":{"rendered":"Trabaja con nosotros"},"content":{"rendered":"<div class=\"wp-block-uagb-container uagb-block-dd993421 alignfull uagb-is-root-container\"><div class=\"uagb-container-inner-blocks-wrap\">\n<div class=\"wp-block-uagb-container uagb-block-2d477c78\">\n<div class=\"wp-block-uagb-container uagb-block-d30d1a6e\">\n<div class=\"wp-block-uagb-advanced-heading uagb-block-3d161997 b-l\"><h1 class=\"uagb-heading-text\">Trabaja con nosotros<\/h1><\/div>\n<\/div>\n\n\n\n<div class=\"wp-block-uagb-container uag-hide-desktop uag-hide-tab uag-hide-mob uagb-block-caee5013\">\n<div class=\"wp-block-uagb-image alignright uagb-block-3edfc8a1 wp-block-uagb-image--layout-default wp-block-uagb-image--effect-static wp-block-uagb-image--align-right\"><figure class=\"wp-block-uagb-image__figure\"><img decoding=\"async\" srcset=\"\" sizes=\"auto, (max-width: 480px) 150px\" src=\"https:\/\/wpstaq-ap-southeast-2-media.s3.amazonaws.com\/cps-testserver\/wp-content\/uploads\/media\/2024\/03\/CPS-21st-Anniversary-Logo_LATAM.png\" alt=\"\" class=\"uag-image-12595\" width=\"135\" height=\"142\" title=\"CPS-21st Anniversary-Logo_APAC\" loading=\"lazy\" role=\"img\" data-srcset=\"\"\/><\/figure><\/div>\n<\/div>\n<\/div>\n<\/div><\/div>\n\n\n\n<div class=\"wp-block-uagb-container uagb-block-151d5c08 alignfull uagb-is-root-container\"><div class=\"uagb-container-inner-blocks-wrap\">\n<div class=\"wp-block-uagb-container uagb-block-714da947\">\n<div class=\"wp-block-uagb-container uagb-block-45b1c6a3\">\n<div class=\"wp-block-uagb-advanced-heading uagb-block-f8766a62\"><h2 class=\"uagb-heading-text\">\u00bfPor qu\u00e9 CPS?<\/h2><div class=\"uagb-separator\"><\/div><p class=\"uagb-desc-text\">CPS es una empresa que valora la pasi\u00f3n, la innovaci\u00f3n y el trabajo en equipo. Si bien nuestro compromiso es ofrecer soluciones de vanguardia, que es lo que nos ha convertido en l\u00edderes del sector del manejo de material a granel, nuestro personal es el verdadeo diferenciador. En CPS, encontrar\u00e1 una cultura que fomenta el crecimiento, potencia la creatividad y alienta la colaboraci\u00f3n.&nbsp;<\/p><\/div>\n<\/div>\n\n\n\n<div class=\"wp-block-uagb-container uagb-block-e295539e\">\n<div class=\"wp-block-uagb-image uagb-block-f571acd6 wp-block-uagb-image--layout-default wp-block-uagb-image--effect-static wp-block-uagb-image--align-none right-box-bg2\"><figure class=\"wp-block-uagb-image__figure\"><img decoding=\"async\" srcset=\"https:\/\/wpstaq-ap-southeast-2-media.s3.amazonaws.com\/cps-testserver\/wp-content\/uploads\/media\/2023\/09\/Why-CPS.webp , https:\/\/wpstaq-ap-southeast-2-media.s3.amazonaws.com\/cps-testserver\/wp-content\/uploads\/media\/2023\/09\/Why-CPS.webp 360w\" sizes=\"auto, (max-width: 480px) 150px\" src=\"https:\/\/wpstaq-ap-southeast-2-media.s3.amazonaws.com\/cps-testserver\/wp-content\/uploads\/media\/2023\/09\/Why-CPS.webp\" alt=\"\" class=\"uag-image-3386\" width=\"630\" height=\"508\" title=\"\" loading=\"lazy\" role=\"img\"\/><\/figure><\/div>\n<\/div>\n<\/div>\n<\/div><\/div>\n\n\n\n<div class=\"wp-block-uagb-container uagb-block-f6cedbc4 alignfull uagb-is-root-container\"><div class=\"uagb-container-inner-blocks-wrap\">\n<div class=\"wp-block-uagb-container uagb-block-14ab1e35\">\n<div class=\"wp-block-uagb-container uagb-block-cd9b7346\">\n<div class=\"wp-block-uagb-advanced-heading uagb-block-46585c98\"><h2 class=\"uagb-heading-text\">Puestos vacantes<\/h2><div class=\"uagb-separator\"><\/div><p class=\"uagb-desc-text\">Mientras seguimos liderando el sector con soluciones innovadoras, siempre buscamos personas apasionadas, motivadas y creativas que se unan a nosotros&nbsp;<\/p><\/div>\n\n\n\n\n\n<br \/>\n    <div class=\"careers-wrap\">\r\n         \r\n            <div class=\"career-item\">\r\n                <h4>Representante T\u00e9cnico Comercial Zona Norte &#8211; Chile<\/h4>\r\n                <div class=\"desc\">\r\n                    <div class=\"department\">\r\n                        <p>CPS LATAM<\/p>\r\n                    <\/div>\r\n                    <div class=\"btn\">\r\n                        <a href=\"https:\/\/cpsconveyors.com.au\/es\/careers-latam\/representante-tecnico-comercial-zona-norte-chile\/\">\r\n                        <h4>M\u00e1s informaci\u00f3n \r\n                        <svg xmlns=\"http:\/\/www.w3.org\/2000\/svg\" width=\"36.016\" height=\"53.11\" viewbox=\"0 0 36.016 53.11\">\r\n                          <path id=\"Path_3241\" data-name=\"Path 3241\" d=\"M26.554,36.016,0,17.925V0L26.554,18.092,53.11,0V17.925Z\" transform=\"translate(0 53.11) rotate(-90)\" fill=\"#f0cc01\"\/>\r\n                        <\/svg>\r\n                        <\/h4>\r\n                        <\/a>\r\n                    <\/div>\r\n                <\/div>\r\n            <\/div>\r\n\r\n          \r\n        \r\n                    <\/div> \r\n    <br \/>\n\n<\/div>\n<\/div>\n<\/div><\/div>\n\n\n\n<div class=\"wp-block-uagb-container uagb-block-49cd32e8 alignfull uagb-is-root-container\"><div class=\"uagb-container-inner-blocks-wrap\">\n<div class=\"wp-block-uagb-advanced-heading uagb-block-e246f689\"><h4 class=\"uagb-heading-text\">Registre su expresi\u00f3n de inter\u00e9s para unirse a CPS<\/h4><div class=\"uagb-separator\"><\/div><\/div>\n\n\n\n\n\n\n\n\n<script charset=\"utf-8\" type=\"text\/javascript\" src=\"\/\/js.hsforms.net\/forms\/embed\/v2.js\"><\/script>\n<script>\n  hbspt.forms.create({\n    portalId: \"39712458\",\n    formId: \"23f52d67-fd90-41ce-b7ac-7a062987ef96\",\n    region: \"na1\"\n  });\n<\/script>\n\n<\/div><\/div>\n\n\n\n<div id=\"top-footer\" class=\"wp-block-uagb-container uagb-block-dbe96949 alignfull uagb-is-root-container\"><div class=\"uagb-container-inner-blocks-wrap\">\n<div class=\"wp-block-uagb-container uagb-block-99362d85 alignfull uagb-is-root-container\"><div class=\"uagb-container-inner-blocks-wrap\">\n<div class=\"wp-block-uagb-container uagb-block-c1a7eb87 default uagb-is-root-container\">\n<div class=\"wp-block-uagb-advanced-heading uagb-block-609b96ec\"><h2 class=\"uagb-heading-text translation-block\">Descargue la \u00faltima gu\u00eda r\u00e1pida de referencia de nuestros productos\u200b\u200b<\/h2><p class=\"uagb-desc-text\">Consulte la gama de equipos fabricados para cintas transportadoras y las soluciones de ingenier\u00eda de CPS.<\/p><\/div>\n\n\n\n\n\n\n\n\n<div class=\"tf-btn wp-block-button\">\n<a class=\"wp-block-button__link\" href=\"\/es\/content-hub\/\">Vea todas las descargas<\/a>\n<a class=\"fancybox-inline data_link wp-block-button__link\" href=\"#dl-modal\" data-title=\"Quick Product Reference ES\" data-link=\"https:\/\/wpstaq-ap-southeast-2-media.s3.amazonaws.com\/cps-testserver\/wp-content\/uploads\/media\/2025\/09\/CPS-Guia-Rapida-de-referencia-min.pdf\" form-id=\"b2a927dd-55f7-4db1-941c-c0a73ed1ae79\" bis_skin_checked=\"1\">Descargue la Gu\u00eda r\u00e1pida de referencia<\/a>\n<\/div>\n\n<\/div>\n\n\n\n<div class=\"wp-block-uagb-container uagb-block-45cad744 default uagb-is-root-container\">\n<div class=\"wp-block-uagb-image alignright uagb-block-59dbb334 wp-block-uagb-image--layout-default wp-block-uagb-image--effect-static wp-block-uagb-image--align-right\"><figure class=\"wp-block-uagb-image__figure\"><img decoding=\"async\" srcset=\"https:\/\/cpsconveyors.com.au\/wp-content\/uploads\/2023\/08\/CPS-Quick-Product-Guide-01-1024x724.jpg ,https:\/\/cpsconveyors.com.au\/wp-content\/uploads\/2023\/08\/CPS-Quick-Product-Guide-01.jpg 780w, https:\/\/cpsconveyors.com.au\/wp-content\/uploads\/2023\/08\/CPS-Quick-Product-Guide-01.jpg 360w\" sizes=\"auto, (max-width: 480px) 150px\" src=\"https:\/\/cpsconveyors.com.au\/wp-content\/uploads\/2023\/08\/CPS-Quick-Product-Guide-01-1024x724.jpg\" alt=\"This is an image of the CPS Product Guide 2025 title page\" class=\"uag-image-13983\" width=\"360\" height=\"255\" title=\"CPS-Quick-Product-Guide-01\" loading=\"lazy\" role=\"img\"\/><\/figure><\/div>\n<\/div>\n<\/div><\/div>\n<\/div><\/div>","protected":false},"excerpt":{"rendered":"<p>Careers Why CPS? CPS is a company that values passion, innovation and teamwork. Although it\u2019s our commitment to delivering cutting-edge solutions that has made us a leader in the bulk materials handling industry, it&#8217;s our people who truly set us apart. At CPS, you&#8217;ll find a culture that fosters growth, empowers creativity and encourages collaboration.&nbsp; [&hellip;]<\/p>","protected":false},"author":1,"featured_media":0,"parent":0,"menu_order":0,"comment_status":"closed","ping_status":"closed","template":"","meta":{"_uag_custom_page_level_css":"","site-sidebar-layout":"no-sidebar","site-content-layout":"page-builder","ast-site-content-layout":"full-width-container","site-content-style":"unboxed","site-sidebar-style":"unboxed","ast-global-header-display":"","ast-banner-title-visibility":"","ast-main-header-display":"","ast-hfb-above-header-display":"","ast-hfb-below-header-display":"","ast-hfb-mobile-header-display":"","site-post-title":"disabled","ast-breadcrumbs-content":"","ast-featured-img":"disabled","footer-sml-layout":"","ast-disable-related-posts":"","theme-transparent-header-meta":"default","adv-header-id-meta":"","stick-header-meta":"","header-above-stick-meta":"","header-main-stick-meta":"","header-below-stick-meta":"","astra-migrate-meta-layouts":"set","ast-page-background-enabled":"default","ast-page-background-meta":{"desktop":{"background-color":"var(--ast-global-color-4)","background-image":"","background-repeat":"repeat","background-position":"center center","background-size":"auto","background-attachment":"scroll","background-type":"","background-media":"","overlay-type":"","overlay-color":"","overlay-opacity":"","overlay-gradient":""},"tablet":{"background-color":"","background-image":"","background-repeat":"repeat","background-position":"center center","background-size":"auto","background-attachment":"scroll","background-type":"","background-media":"","overlay-type":"","overlay-color":"","overlay-opacity":"","overlay-gradient":""},"mobile":{"background-color":"","background-image":"","background-repeat":"repeat","background-position":"center center","background-size":"auto","background-attachment":"scroll","background-type":"","background-media":"","overlay-type":"","overlay-color":"","overlay-opacity":"","overlay-gradient":""}},"ast-content-background-meta":{"desktop":{"background-color":"var(--ast-global-color-5)","background-image":"","background-repeat":"repeat","background-position":"center center","background-size":"auto","background-attachment":"scroll","background-type":"","background-media":"","overlay-type":"","overlay-color":"","overlay-opacity":"","overlay-gradient":""},"tablet":{"background-color":"var(--ast-global-color-5)","background-image":"","background-repeat":"repeat","background-position":"center center","background-size":"auto","background-attachment":"scroll","background-type":"","background-media":"","overlay-type":"","overlay-color":"","overlay-opacity":"","overlay-gradient":""},"mobile":{"background-color":"var(--ast-global-color-5)","background-image":"","background-repeat":"repeat","background-position":"center center","background-size":"auto","background-attachment":"scroll","background-type":"","background-media":"","overlay-type":"","overlay-color":"","overlay-opacity":"","overlay-gradient":""}},"footnotes":""},"class_list":["post-3383","page","type-page","status-publish","hentry"],"acf":[],"yoast_head":"<!-- This site is optimized with the Yoast SEO plugin v26.9 - https:\/\/yoast.com\/product\/yoast-seo-wordpress\/ -->\n<title>Careers at CPS Conveyors | Jobs in Perth, Australia<\/title>\n<meta name=\"description\" content=\"Join CPS Conveyors, an Australian OEM manufacturer of conveyor rollers, idlers, and pulleys. View open roles across engineering, manufacturing, and sales in Perth, WA.\" \/>\n<meta name=\"robots\" content=\"index, follow, max-snippet:-1, max-image-preview:large, max-video-preview:-1\" \/>\n<link rel=\"canonical\" href=\"https:\/\/cpsconveyors.com.au\/es\/careers\/\" \/>\n<meta property=\"og:locale\" content=\"es_ES\" \/>\n<meta property=\"og:type\" content=\"article\" \/>\n<meta property=\"og:title\" content=\"Careers at CPS Conveyors | Jobs in Perth, Australia\" \/>\n<meta property=\"og:description\" content=\"Join CPS Conveyors, an Australian OEM manufacturer of conveyor rollers, idlers, and pulleys. View open roles across engineering, manufacturing, and sales in Perth, WA.\" \/>\n<meta property=\"og:url\" content=\"https:\/\/cpsconveyors.com.au\/es\/careers\/\" \/>\n<meta property=\"og:site_name\" content=\"CPS Conveyors | Conveyor Product and Solutions\" \/>\n<meta property=\"article:modified_time\" content=\"2026-03-25T03:17:56+00:00\" \/>\n<meta property=\"og:image\" content=\"https:\/\/wpstaq-ap-southeast-2-media.s3.amazonaws.com\/cps-testserver\/wp-content\/uploads\/media\/2024\/03\/CPS-21st-Anniversary-Logo_APAC.png\" \/>\n<meta name=\"twitter:card\" content=\"summary_large_image\" \/>\n<meta name=\"twitter:label1\" content=\"Tiempo estimado de lectura\" \/>\n\t<meta name=\"twitter:data1\" content=\"2 minutos\" \/>\n<script type=\"application\/ld+json\" class=\"yoast-schema-graph\">{\"@context\":\"https:\/\/schema.org\",\"@graph\":[{\"@type\":\"WebPage\",\"@id\":\"https:\/\/cpsconveyors.com.au\/careers\/\",\"url\":\"https:\/\/cpsconveyors.com.au\/careers\/\",\"name\":\"Careers at CPS Conveyors | Jobs in Perth, Australia\",\"isPartOf\":{\"@id\":\"https:\/\/cpsconveyors.com.au\/#website\"},\"primaryImageOfPage\":{\"@id\":\"https:\/\/cpsconveyors.com.au\/careers\/#primaryimage\"},\"image\":{\"@id\":\"https:\/\/cpsconveyors.com.au\/careers\/#primaryimage\"},\"thumbnailUrl\":\"https:\/\/wpstaq-ap-southeast-2-media.s3.amazonaws.com\/cps-testserver\/wp-content\/uploads\/media\/2024\/03\/CPS-21st-Anniversary-Logo_APAC.png\",\"datePublished\":\"2023-09-04T00:21:12+00:00\",\"dateModified\":\"2026-03-25T03:17:56+00:00\",\"description\":\"Join CPS Conveyors, an Australian OEM manufacturer of conveyor rollers, idlers, and pulleys. View open roles across engineering, manufacturing, and sales in Perth, WA.\",\"breadcrumb\":{\"@id\":\"https:\/\/cpsconveyors.com.au\/careers\/#breadcrumb\"},\"inLanguage\":\"es-CL\",\"potentialAction\":[{\"@type\":\"ReadAction\",\"target\":[\"https:\/\/cpsconveyors.com.au\/careers\/\"]}]},{\"@type\":\"ImageObject\",\"inLanguage\":\"es-CL\",\"@id\":\"https:\/\/cpsconveyors.com.au\/careers\/#primaryimage\",\"url\":\"https:\/\/wpstaq-ap-southeast-2-media.s3.amazonaws.com\/cps-testserver\/wp-content\/uploads\/media\/2024\/03\/CPS-21st-Anniversary-Logo_APAC.png\",\"contentUrl\":\"https:\/\/wpstaq-ap-southeast-2-media.s3.amazonaws.com\/cps-testserver\/wp-content\/uploads\/media\/2024\/03\/CPS-21st-Anniversary-Logo_APAC.png\"},{\"@type\":\"BreadcrumbList\",\"@id\":\"https:\/\/cpsconveyors.com.au\/careers\/#breadcrumb\",\"itemListElement\":[{\"@type\":\"ListItem\",\"position\":1,\"name\":\"Home\",\"item\":\"https:\/\/cpsconveyors.com.au\/\"},{\"@type\":\"ListItem\",\"position\":2,\"name\":\"Careers\"}]},{\"@type\":\"WebSite\",\"@id\":\"https:\/\/cpsconveyors.com.au\/#website\",\"url\":\"https:\/\/cpsconveyors.com.au\/\",\"name\":\"CPS Conveyors | Conveyor Product and Solutions\",\"description\":\"\",\"publisher\":{\"@id\":\"https:\/\/cpsconveyors.com.au\/#organization\"},\"potentialAction\":[{\"@type\":\"SearchAction\",\"target\":{\"@type\":\"EntryPoint\",\"urlTemplate\":\"https:\/\/cpsconveyors.com.au\/?s={search_term_string}\"},\"query-input\":{\"@type\":\"PropertyValueSpecification\",\"valueRequired\":true,\"valueName\":\"search_term_string\"}}],\"inLanguage\":\"es-CL\"},{\"@type\":\"Organization\",\"@id\":\"https:\/\/cpsconveyors.com.au\/#organization\",\"name\":\"CPS Conveyors | Conveyor Product and Solutions\",\"url\":\"https:\/\/cpsconveyors.com.au\/\",\"logo\":{\"@type\":\"ImageObject\",\"inLanguage\":\"es-CL\",\"@id\":\"https:\/\/cpsconveyors.com.au\/#\/schema\/logo\/image\/\",\"url\":\"https:\/\/cpsconveyors.com.au\/wp-content\/uploads\/2023\/08\/CPS-Logo.png\",\"contentUrl\":\"https:\/\/cpsconveyors.com.au\/wp-content\/uploads\/2023\/08\/CPS-Logo.png\",\"width\":270,\"height\":75,\"caption\":\"CPS Conveyors | Conveyor Product and Solutions\"},\"image\":{\"@id\":\"https:\/\/cpsconveyors.com.au\/#\/schema\/logo\/image\/\"}}]}<\/script>\n<!-- \/ Yoast SEO plugin. -->","yoast_head_json":{"title":"Careers at CPS Conveyors | Jobs in Perth, Australia","description":"Join CPS Conveyors, an Australian OEM manufacturer of conveyor rollers, idlers, and pulleys. View open roles across engineering, manufacturing, and sales in Perth, WA.","robots":{"index":"index","follow":"follow","max-snippet":"max-snippet:-1","max-image-preview":"max-image-preview:large","max-video-preview":"max-video-preview:-1"},"canonical":"https:\/\/cpsconveyors.com.au\/es\/careers\/","og_locale":"es_ES","og_type":"article","og_title":"Careers at CPS Conveyors | Jobs in Perth, Australia","og_description":"Join CPS Conveyors, an Australian OEM manufacturer of conveyor rollers, idlers, and pulleys. View open roles across engineering, manufacturing, and sales in Perth, WA.","og_url":"https:\/\/cpsconveyors.com.au\/es\/careers\/","og_site_name":"CPS Conveyors | Conveyor Product and Solutions","article_modified_time":"2026-03-25T03:17:56+00:00","og_image":[{"url":"https:\/\/wpstaq-ap-southeast-2-media.s3.amazonaws.com\/cps-testserver\/wp-content\/uploads\/media\/2024\/03\/CPS-21st-Anniversary-Logo_APAC.png","type":"","width":"","height":""}],"twitter_card":"summary_large_image","twitter_misc":{"Tiempo estimado de lectura":"2 minutos"},"schema":{"@context":"https:\/\/schema.org","@graph":[{"@type":"WebPage","@id":"https:\/\/cpsconveyors.com.au\/careers\/","url":"https:\/\/cpsconveyors.com.au\/careers\/","name":"Careers at CPS Conveyors | Jobs in Perth, Australia","isPartOf":{"@id":"https:\/\/cpsconveyors.com.au\/#website"},"primaryImageOfPage":{"@id":"https:\/\/cpsconveyors.com.au\/careers\/#primaryimage"},"image":{"@id":"https:\/\/cpsconveyors.com.au\/careers\/#primaryimage"},"thumbnailUrl":"https:\/\/wpstaq-ap-southeast-2-media.s3.amazonaws.com\/cps-testserver\/wp-content\/uploads\/media\/2024\/03\/CPS-21st-Anniversary-Logo_APAC.png","datePublished":"2023-09-04T00:21:12+00:00","dateModified":"2026-03-25T03:17:56+00:00","description":"Join CPS Conveyors, an Australian OEM manufacturer of conveyor rollers, idlers, and pulleys. View open roles across engineering, manufacturing, and sales in Perth, WA.","breadcrumb":{"@id":"https:\/\/cpsconveyors.com.au\/careers\/#breadcrumb"},"inLanguage":"es-CL","potentialAction":[{"@type":"ReadAction","target":["https:\/\/cpsconveyors.com.au\/careers\/"]}]},{"@type":"ImageObject","inLanguage":"es-CL","@id":"https:\/\/cpsconveyors.com.au\/careers\/#primaryimage","url":"https:\/\/wpstaq-ap-southeast-2-media.s3.amazonaws.com\/cps-testserver\/wp-content\/uploads\/media\/2024\/03\/CPS-21st-Anniversary-Logo_APAC.png","contentUrl":"https:\/\/wpstaq-ap-southeast-2-media.s3.amazonaws.com\/cps-testserver\/wp-content\/uploads\/media\/2024\/03\/CPS-21st-Anniversary-Logo_APAC.png"},{"@type":"BreadcrumbList","@id":"https:\/\/cpsconveyors.com.au\/careers\/#breadcrumb","itemListElement":[{"@type":"ListItem","position":1,"name":"Home","item":"https:\/\/cpsconveyors.com.au\/"},{"@type":"ListItem","position":2,"name":"Careers"}]},{"@type":"WebSite","@id":"https:\/\/cpsconveyors.com.au\/#website","url":"https:\/\/cpsconveyors.com.au\/","name":"CPS Conveyors | Conveyor Product and Solutions","description":"","publisher":{"@id":"https:\/\/cpsconveyors.com.au\/#organization"},"potentialAction":[{"@type":"SearchAction","target":{"@type":"EntryPoint","urlTemplate":"https:\/\/cpsconveyors.com.au\/?s={search_term_string}"},"query-input":{"@type":"PropertyValueSpecification","valueRequired":true,"valueName":"search_term_string"}}],"inLanguage":"es-CL"},{"@type":"Organization","@id":"https:\/\/cpsconveyors.com.au\/#organization","name":"CPS Conveyors | Conveyor Product and Solutions","url":"https:\/\/cpsconveyors.com.au\/","logo":{"@type":"ImageObject","inLanguage":"es-CL","@id":"https:\/\/cpsconveyors.com.au\/#\/schema\/logo\/image\/","url":"https:\/\/cpsconveyors.com.au\/wp-content\/uploads\/2023\/08\/CPS-Logo.png","contentUrl":"https:\/\/cpsconveyors.com.au\/wp-content\/uploads\/2023\/08\/CPS-Logo.png","width":270,"height":75,"caption":"CPS Conveyors | Conveyor Product and Solutions"},"image":{"@id":"https:\/\/cpsconveyors.com.au\/#\/schema\/logo\/image\/"}}]}},"uagb_featured_image_src":{"full":false,"thumbnail":false,"medium":false,"medium_large":false,"large":false,"1536x1536":false,"2048x2048":false,"trp-custom-language-flag":false,"gform-image-choice-sm":false,"gform-image-choice-md":false,"gform-image-choice-lg":false},"uagb_author_info":{"display_name":"CPS Conveyors","author_link":"https:\/\/cpsconveyors.com.au\/es\/author\/teamagency\/"},"uagb_comment_info":0,"uagb_excerpt":"Careers Why CPS? CPS is a company that values passion, innovation and teamwork. Although it\u2019s our commitment to delivering cutting-edge solutions that has made us a leader in the bulk materials handling industry, it&#8217;s our people who truly set us apart. At CPS, you&#8217;ll find a culture that fosters growth, empowers creativity and encourages collaboration.&nbsp;&hellip;","_links":{"self":[{"href":"https:\/\/cpsconveyors.com.au\/es\/wp-json\/wp\/v2\/pages\/3383","targetHints":{"allow":["GET"]}}],"collection":[{"href":"https:\/\/cpsconveyors.com.au\/es\/wp-json\/wp\/v2\/pages"}],"about":[{"href":"https:\/\/cpsconveyors.com.au\/es\/wp-json\/wp\/v2\/types\/page"}],"author":[{"embeddable":true,"href":"https:\/\/cpsconveyors.com.au\/es\/wp-json\/wp\/v2\/users\/1"}],"replies":[{"embeddable":true,"href":"https:\/\/cpsconveyors.com.au\/es\/wp-json\/wp\/v2\/comments?post=3383"}],"version-history":[{"count":2,"href":"https:\/\/cpsconveyors.com.au\/es\/wp-json\/wp\/v2\/pages\/3383\/revisions"}],"predecessor-version":[{"id":14132,"href":"https:\/\/cpsconveyors.com.au\/es\/wp-json\/wp\/v2\/pages\/3383\/revisions\/14132"}],"wp:attachment":[{"href":"https:\/\/cpsconveyors.com.au\/es\/wp-json\/wp\/v2\/media?parent=3383"}],"curies":[{"name":"wp","href":"https:\/\/api.w.org\/{rel}","templated":true}]}}