{"id":3403,"date":"2023-09-04T02:37:43","date_gmt":"2023-09-04T02:37:43","guid":{"rendered":"https:\/\/cpsconveyors.com.au\/?page_id=3403"},"modified":"2026-04-03T06:37:15","modified_gmt":"2026-04-03T06:37:15","slug":"sustainability","status":"publish","type":"page","link":"https:\/\/cpsconveyors.com.au\/es\/sustainability\/","title":{"rendered":"Sostenibilidad"},"content":{"rendered":"<div class=\"wp-block-uagb-container uagb-block-dd993421 alignfull uagb-is-root-container\"><div class=\"uagb-container-inner-blocks-wrap\">\n<div class=\"wp-block-uagb-container uagb-block-2d477c78\">\n<div class=\"wp-block-uagb-container uagb-block-d30d1a6e\">\n<div class=\"wp-block-uagb-advanced-heading uagb-block-3d161997 b-l\"><h1 class=\"uagb-heading-text\">Sostenibilidad<\/h1><\/div>\n<\/div>\n\n\n\n<div class=\"wp-block-uagb-container uag-hide-desktop uag-hide-tab uag-hide-mob uagb-block-caee5013\">\n<div class=\"wp-block-uagb-image alignright uagb-block-3edfc8a1 wp-block-uagb-image--layout-default wp-block-uagb-image--effect-static wp-block-uagb-image--align-right\"><figure class=\"wp-block-uagb-image__figure\"><img decoding=\"async\" srcset=\"\" sizes=\"auto, (max-width: 480px) 150px\" src=\"https:\/\/wpstaq-ap-southeast-2-media.s3.amazonaws.com\/cps-testserver\/wp-content\/uploads\/media\/2024\/03\/CPS-21st-Anniversary-Logo_LATAM.png\" alt=\"\" class=\"uag-image-12595\" width=\"135\" height=\"142\" title=\"CPS-21st Anniversary-Logo_APAC\" loading=\"lazy\" role=\"img\" data-srcset=\"\"\/><\/figure><\/div>\n<\/div>\n<\/div>\n<\/div><\/div>\n\n\n\n<div class=\"wp-block-uagb-container uagb-block-151d5c08 alignfull uagb-is-root-container\"><div class=\"uagb-container-inner-blocks-wrap\">\n<div class=\"wp-block-uagb-container uagb-block-714da947\">\n<div class=\"wp-block-uagb-container uagb-block-45b1c6a3\">\n<div class=\"wp-block-uagb-advanced-heading uagb-block-f8766a62\"><p class=\"uagb-desc-text\">CPS lidera la industria con un dise\u00f1o de cintas transportadoras rentable, de alta eficiencia energ\u00e9tica y confiable, lo que afianza a\u00fan m\u00e1s a CPS como pionero de la ingenier\u00eda sostenible en la industria de las cintas transportadoras.<\/p><\/div>\n\n\n\n<div class=\"wp-block-uagb-advanced-heading uagb-block-4927f75f\"><h4 class=\"uagb-heading-text\">Calidad = Ecol\u00f3gico<\/h4><\/div>\n<\/div>\n\n\n\n<div class=\"wp-block-uagb-container uagb-block-e295539e\">\n<div class=\"wp-block-uagb-image aligncenter uagb-block-f571acd6 wp-block-uagb-image--layout-default wp-block-uagb-image--effect-static wp-block-uagb-image--align-center\"><figure class=\"wp-block-uagb-image__figure\"><img decoding=\"async\" srcset=\"https:\/\/wpstaq-ap-southeast-2-media.s3.amazonaws.com\/cps-testserver\/wp-content\/uploads\/media\/2023\/09\/Green-plan_CPS.png , https:\/\/wpstaq-ap-southeast-2-media.s3.amazonaws.com\/cps-testserver\/wp-content\/uploads\/media\/2023\/09\/Green-plan_CPS.png 360w\" sizes=\"auto, (max-width: 480px) 150px\" src=\"https:\/\/wpstaq-ap-southeast-2-media.s3.amazonaws.com\/cps-testserver\/wp-content\/uploads\/media\/2023\/09\/Green-plan_CPS.png\" alt=\"\" class=\"uag-image-3406\" width=\"188\" height=\"241\" title=\"\" loading=\"lazy\" role=\"img\"\/><\/figure><\/div>\n<\/div>\n<\/div>\n<\/div><\/div>\n\n\n\n<div class=\"wp-block-uagb-container uagb-block-f6cedbc4 alignfull uagb-is-root-container\"><div class=\"uagb-container-inner-blocks-wrap\">\n<div class=\"wp-block-uagb-container uagb-block-14ab1e35\">\n<div class=\"wp-block-uagb-container uagb-block-cd9b7346\">\n<p style=\"margin-bottom:0\">Aunque CPS siempre ha tenido un enfoque empresarial sostenible a largo plazo, el Plan Verde de CPS comenz\u00f3 en 2020 para mejorar la eficacia de nuestras iniciativas medioambientales y sociales. <br><br>Nuestro Plan Verde abarca soluciones hol\u00edsticas a problemas medioambientales y sociales internos y externos y, a la vez, es pionero en innovaci\u00f3n y seguridad en el campo de la manipulaci\u00f3n de materiales a granel. CPS est\u00e1 comprometida con su responsabilidad social corporativa y su impacto en el medioambiente, que se mide a trav\u00e9s del triple resultado, cuyo objetivo es medir el desempe\u00f1o financiero, social y medioambiental de la empresa a lo largo del tiempo.<\/p>\n<\/div>\n<\/div>\n<\/div><\/div>\n\n\n\n<div class=\"wp-block-uagb-container uagb-block-74162910 alignfull uagb-is-root-container\"><div class=\"uagb-container-inner-blocks-wrap\">\n<div class=\"wp-block-uagb-container uagb-block-42bd8392\">\n<div class=\"wp-block-uagb-container uagb-block-d0dc1a2f\">\n<div class=\"wp-block-uagb-advanced-heading uagb-block-bd114537\"><h4 class=\"uagb-heading-text\">Filosof\u00eda medioambiental<\/h4><div class=\"uagb-separator\"><\/div><p class=\"uagb-desc-text\">Nuestra filosof\u00eda es cuidar el medioambiente mediante soluciones pr\u00e1cticas que aporten valor a\u00f1adido. Como fabricantes australianos, tenemos el deber de promover pr\u00e1cticas de fabricaci\u00f3n sostenibles para contribuir positivamente a la econom\u00eda y, al mismo tiempo, ser pioneros en la fabricaci\u00f3n y la ingenier\u00eda ecol\u00f3gicas. Para ello, desafiamos las normas y pr\u00e1cticas cotidianas investigando, analizando y aplicando soluciones adecuadas que reduzcan el impacto sobre el medioambiente.<\/p><\/div>\n<\/div>\n<\/div>\n<\/div><\/div>\n\n\n\n<div class=\"wp-block-uagb-container uagb-block-7edfc06d alignfull uagb-is-root-container\"><div class=\"uagb-container-inner-blocks-wrap\">\n<div class=\"wp-block-uagb-advanced-heading uagb-block-550b2774\"><h4 class=\"uagb-heading-text\">Iniciativas medioambientales, sociales y de gobernanza (ESG)<\/h4><div class=\"uagb-separator\"><\/div><\/div>\n\n\n\n<div class=\"wp-block-cb-carousel dflex\" data-slick=\"{&quot;slidesToShow&quot;:4,&quot;slidesToScroll&quot;:1,&quot;speed&quot;:300,&quot;arrows&quot;:false,&quot;dots&quot;:false,&quot;autoplay&quot;:false,&quot;autoplaySpeed&quot;:3000,&quot;infinite&quot;:false,&quot;responsive&quot;:[{&quot;breakpoint&quot;:769,&quot;settings&quot;:{&quot;slidesToShow&quot;:2,&quot;slidesToScroll&quot;:1}}]}\">\n<div class=\"wp-block-cb-slide\">\n<div class=\"wp-block-uagb-image aligncenter uagb-block-b7da956f wp-block-uagb-image--layout-default wp-block-uagb-image--effect-static wp-block-uagb-image--align-center\"><figure class=\"wp-block-uagb-image__figure\"><img decoding=\"async\" srcset=\"https:\/\/wpstaq-ap-southeast-2-media.s3.amazonaws.com\/cps-testserver\/wp-content\/uploads\/media\/2023\/09\/Roller-recycling.webp \" sizes=\"auto, (max-width: 480px) 150px\" src=\"https:\/\/wpstaq-ap-southeast-2-media.s3.amazonaws.com\/cps-testserver\/wp-content\/uploads\/media\/2023\/09\/Roller-recycling.webp\" alt=\"\" class=\"uag-image-3421\" width=\"221\" height=\"29\" title=\"\" loading=\"lazy\" role=\"img\"\/><\/figure><\/div>\n<\/div>\n\n\n\n<div class=\"wp-block-cb-slide\">\n<div class=\"wp-block-uagb-image uagb-block-2f16cf0d wp-block-uagb-image--layout-default wp-block-uagb-image--effect-static wp-block-uagb-image--align-none\"><figure class=\"wp-block-uagb-image__figure\"><img decoding=\"async\" srcset=\"https:\/\/wpstaq-ap-southeast-2-media.s3.amazonaws.com\/cps-testserver\/wp-content\/uploads\/media\/2023\/09\/Container-for-change.webp \" sizes=\"auto, (max-width: 480px) 150px\" src=\"https:\/\/wpstaq-ap-southeast-2-media.s3.amazonaws.com\/cps-testserver\/wp-content\/uploads\/media\/2023\/09\/Container-for-change.webp\" alt=\"\" class=\"uag-image-3418\" width=\"365\" height=\"40\" title=\"\" loading=\"lazy\" role=\"img\"\/><\/figure><\/div>\n<\/div>\n\n\n\n<div class=\"wp-block-cb-slide\">\n<div class=\"wp-block-uagb-image aligncenter uagb-block-51c619d2 wp-block-uagb-image--layout-default wp-block-uagb-image--effect-static wp-block-uagb-image--align-center\"><figure class=\"wp-block-uagb-image__figure\"><img decoding=\"async\" srcset=\"https:\/\/wpstaq-ap-southeast-2-media.s3.amazonaws.com\/cps-testserver\/wp-content\/uploads\/media\/2023\/09\/logo-trillion-trees.webp \" sizes=\"auto, (max-width: 480px) 150px\" src=\"https:\/\/wpstaq-ap-southeast-2-media.s3.amazonaws.com\/cps-testserver\/wp-content\/uploads\/media\/2023\/09\/logo-trillion-trees.webp\" alt=\"\" class=\"uag-image-3420\" width=\"162\" height=\"115\" title=\"\" loading=\"lazy\" role=\"img\"\/><\/figure><\/div>\n<\/div>\n\n\n\n<div class=\"wp-block-cb-slide\">\n<div class=\"wp-block-uagb-image aligncenter uagb-block-806e77f9 wp-block-uagb-image--layout-default wp-block-uagb-image--effect-static wp-block-uagb-image--align-center\"><figure class=\"wp-block-uagb-image__figure\"><img decoding=\"async\" srcset=\"https:\/\/wpstaq-ap-southeast-2-media.s3.amazonaws.com\/cps-testserver\/wp-content\/uploads\/media\/2023\/09\/LifeWorks-Logo-RGB-FullColour-EN-Std.webp \" sizes=\"auto, (max-width: 480px) 150px\" src=\"https:\/\/wpstaq-ap-southeast-2-media.s3.amazonaws.com\/cps-testserver\/wp-content\/uploads\/media\/2023\/09\/LifeWorks-Logo-RGB-FullColour-EN-Std.webp\" alt=\"\" class=\"uag-image-3419\" width=\"167\" height=\"119\" title=\"\" loading=\"lazy\" role=\"img\"\/><\/figure><\/div>\n<\/div>\n<\/div>\n<\/div><\/div>\n\n\n\n<div id=\"top-footer\" class=\"wp-block-uagb-container uagb-block-dbe96949 alignfull uagb-is-root-container\"><div class=\"uagb-container-inner-blocks-wrap\">\n<div class=\"wp-block-uagb-container uagb-block-99362d85 alignfull uagb-is-root-container\"><div class=\"uagb-container-inner-blocks-wrap\">\n<div class=\"wp-block-uagb-container uagb-block-c1a7eb87 default uagb-is-root-container\">\n<div class=\"wp-block-uagb-advanced-heading uagb-block-609b96ec\"><h2 class=\"uagb-heading-text translation-block\">Descargue la \u00faltima gu\u00eda r\u00e1pida de referencia de nuestros productos\u200b\u200b<\/h2><p class=\"uagb-desc-text\">Consulte la gama de equipos fabricados para cintas transportadoras y las soluciones de ingenier\u00eda de CPS.<\/p><\/div>\n\n\n\n\n\n\n\n\n<div class=\"tf-btn wp-block-button\">\n<a class=\"wp-block-button__link\" href=\"\/es\/content-hub\/\">Vea todas las descargas<\/a>\n<a class=\"fancybox-inline data_link wp-block-button__link\" href=\"#dl-modal\" data-title=\"Quick Product Reference ES\" data-link=\"https:\/\/wpstaq-ap-southeast-2-media.s3.amazonaws.com\/cps-testserver\/wp-content\/uploads\/media\/2025\/09\/CPS-Guia-Rapida-de-referencia-min.pdf\" form-id=\"b2a927dd-55f7-4db1-941c-c0a73ed1ae79\" bis_skin_checked=\"1\">Descargue la Gu\u00eda r\u00e1pida de referencia<\/a>\n<\/div>\n\n<\/div>\n\n\n\n<div class=\"wp-block-uagb-container uagb-block-45cad744 default uagb-is-root-container\">\n<div class=\"wp-block-uagb-image alignright uagb-block-59dbb334 wp-block-uagb-image--layout-default wp-block-uagb-image--effect-static wp-block-uagb-image--align-right\"><figure class=\"wp-block-uagb-image__figure\"><img decoding=\"async\" srcset=\"https:\/\/cpsconveyors.com.au\/wp-content\/uploads\/2023\/08\/CPS-Quick-Product-Guide-01-1024x724.jpg ,https:\/\/cpsconveyors.com.au\/wp-content\/uploads\/2023\/08\/CPS-Quick-Product-Guide-01.jpg 780w, https:\/\/cpsconveyors.com.au\/wp-content\/uploads\/2023\/08\/CPS-Quick-Product-Guide-01.jpg 360w\" sizes=\"auto, (max-width: 480px) 150px\" src=\"https:\/\/cpsconveyors.com.au\/wp-content\/uploads\/2023\/08\/CPS-Quick-Product-Guide-01-1024x724.jpg\" alt=\"This is an image of the CPS Product Guide 2025 title page\" class=\"uag-image-13983\" width=\"360\" height=\"255\" title=\"CPS-Quick-Product-Guide-01\" loading=\"lazy\" role=\"img\"\/><\/figure><\/div>\n<\/div>\n<\/div><\/div>\n<\/div><\/div>","protected":false},"excerpt":{"rendered":"<p>Sustainability CPS leads the industry with cost effective, highly energy efficient and reliable conveyor design, further imbedding CPS as a pioneer of sustainable engineering in the conveyor industry. Quality = Environmentally Friendly Although CPS has always had a long term, sustainability approach to business, the CPS Green Plan was developed in 2020 to enhance the [&hellip;]<\/p>","protected":false},"author":1,"featured_media":0,"parent":0,"menu_order":0,"comment_status":"closed","ping_status":"closed","template":"","meta":{"_uag_custom_page_level_css":".dflex .slick-track {\n    display: flex;\n    align-items: center;\n}","site-sidebar-layout":"no-sidebar","site-content-layout":"page-builder","ast-site-content-layout":"full-width-container","site-content-style":"unboxed","site-sidebar-style":"unboxed","ast-global-header-display":"","ast-banner-title-visibility":"","ast-main-header-display":"","ast-hfb-above-header-display":"","ast-hfb-below-header-display":"","ast-hfb-mobile-header-display":"","site-post-title":"disabled","ast-breadcrumbs-content":"","ast-featured-img":"disabled","footer-sml-layout":"","ast-disable-related-posts":"","theme-transparent-header-meta":"default","adv-header-id-meta":"","stick-header-meta":"","header-above-stick-meta":"","header-main-stick-meta":"","header-below-stick-meta":"","astra-migrate-meta-layouts":"set","ast-page-background-enabled":"default","ast-page-background-meta":{"desktop":{"background-color":"var(--ast-global-color-4)","background-image":"","background-repeat":"repeat","background-position":"center center","background-size":"auto","background-attachment":"scroll","background-type":"","background-media":"","overlay-type":"","overlay-color":"","overlay-opacity":"","overlay-gradient":""},"tablet":{"background-color":"","background-image":"","background-repeat":"repeat","background-position":"center center","background-size":"auto","background-attachment":"scroll","background-type":"","background-media":"","overlay-type":"","overlay-color":"","overlay-opacity":"","overlay-gradient":""},"mobile":{"background-color":"","background-image":"","background-repeat":"repeat","background-position":"center center","background-size":"auto","background-attachment":"scroll","background-type":"","background-media":"","overlay-type":"","overlay-color":"","overlay-opacity":"","overlay-gradient":""}},"ast-content-background-meta":{"desktop":{"background-color":"var(--ast-global-color-5)","background-image":"","background-repeat":"repeat","background-position":"center center","background-size":"auto","background-attachment":"scroll","background-type":"","background-media":"","overlay-type":"","overlay-color":"","overlay-opacity":"","overlay-gradient":""},"tablet":{"background-color":"var(--ast-global-color-5)","background-image":"","background-repeat":"repeat","background-position":"center center","background-size":"auto","background-attachment":"scroll","background-type":"","background-media":"","overlay-type":"","overlay-color":"","overlay-opacity":"","overlay-gradient":""},"mobile":{"background-color":"var(--ast-global-color-5)","background-image":"","background-repeat":"repeat","background-position":"center center","background-size":"auto","background-attachment":"scroll","background-type":"","background-media":"","overlay-type":"","overlay-color":"","overlay-opacity":"","overlay-gradient":""}},"footnotes":""},"class_list":["post-3403","page","type-page","status-publish","hentry"],"acf":[],"yoast_head":"<!-- This site is optimized with the Yoast SEO plugin v26.9 - https:\/\/yoast.com\/product\/yoast-seo-wordpress\/ -->\n<title>Sustainability | CPS Conveyors Australia<\/title>\n<meta name=\"description\" content=\"CPS Conveyors is committed to sustainable conveyor manufacturing through lightweight composite rollers, solar energy, carbon reduction, and the Trillion Trees sponsorship program.\" \/>\n<meta name=\"robots\" content=\"index, follow, max-snippet:-1, max-image-preview:large, max-video-preview:-1\" \/>\n<link rel=\"canonical\" href=\"https:\/\/cpsconveyors.com.au\/es\/sustainability\/\" \/>\n<meta property=\"og:locale\" content=\"es_ES\" \/>\n<meta property=\"og:type\" content=\"article\" \/>\n<meta property=\"og:title\" content=\"Sustainability | CPS Conveyors Australia\" \/>\n<meta property=\"og:description\" content=\"CPS Conveyors is committed to sustainable conveyor manufacturing through lightweight composite rollers, solar energy, carbon reduction, and the Trillion Trees sponsorship program.\" \/>\n<meta property=\"og:url\" content=\"https:\/\/cpsconveyors.com.au\/es\/sustainability\/\" \/>\n<meta property=\"og:site_name\" content=\"CPS Conveyors | Conveyor Product and Solutions\" \/>\n<meta property=\"article:modified_time\" content=\"2026-04-03T06:37:15+00:00\" \/>\n<meta property=\"og:image\" content=\"https:\/\/wpstaq-ap-southeast-2-media.s3.amazonaws.com\/cps-testserver\/wp-content\/uploads\/media\/2024\/03\/CPS-21st-Anniversary-Logo_APAC.png\" \/>\n<meta name=\"twitter:card\" content=\"summary_large_image\" \/>\n<meta name=\"twitter:label1\" content=\"Tiempo estimado de lectura\" \/>\n\t<meta name=\"twitter:data1\" content=\"5 minutos\" \/>\n<script type=\"application\/ld+json\" class=\"yoast-schema-graph\">{\"@context\":\"https:\/\/schema.org\",\"@graph\":[{\"@type\":\"WebPage\",\"@id\":\"https:\/\/cpsconveyors.com.au\/sustainability\/\",\"url\":\"https:\/\/cpsconveyors.com.au\/sustainability\/\",\"name\":\"Sustainability | CPS Conveyors Australia\",\"isPartOf\":{\"@id\":\"https:\/\/cpsconveyors.com.au\/#website\"},\"primaryImageOfPage\":{\"@id\":\"https:\/\/cpsconveyors.com.au\/sustainability\/#primaryimage\"},\"image\":{\"@id\":\"https:\/\/cpsconveyors.com.au\/sustainability\/#primaryimage\"},\"thumbnailUrl\":\"https:\/\/wpstaq-ap-southeast-2-media.s3.amazonaws.com\/cps-testserver\/wp-content\/uploads\/media\/2024\/03\/CPS-21st-Anniversary-Logo_APAC.png\",\"datePublished\":\"2023-09-04T02:37:43+00:00\",\"dateModified\":\"2026-04-03T06:37:15+00:00\",\"description\":\"CPS Conveyors is committed to sustainable conveyor manufacturing through lightweight composite rollers, solar energy, carbon reduction, and the Trillion Trees sponsorship program.\",\"breadcrumb\":{\"@id\":\"https:\/\/cpsconveyors.com.au\/sustainability\/#breadcrumb\"},\"inLanguage\":\"es-CL\",\"potentialAction\":[{\"@type\":\"ReadAction\",\"target\":[\"https:\/\/cpsconveyors.com.au\/sustainability\/\"]}]},{\"@type\":\"ImageObject\",\"inLanguage\":\"es-CL\",\"@id\":\"https:\/\/cpsconveyors.com.au\/sustainability\/#primaryimage\",\"url\":\"https:\/\/wpstaq-ap-southeast-2-media.s3.amazonaws.com\/cps-testserver\/wp-content\/uploads\/media\/2024\/03\/CPS-21st-Anniversary-Logo_APAC.png\",\"contentUrl\":\"https:\/\/wpstaq-ap-southeast-2-media.s3.amazonaws.com\/cps-testserver\/wp-content\/uploads\/media\/2024\/03\/CPS-21st-Anniversary-Logo_APAC.png\"},{\"@type\":\"BreadcrumbList\",\"@id\":\"https:\/\/cpsconveyors.com.au\/sustainability\/#breadcrumb\",\"itemListElement\":[{\"@type\":\"ListItem\",\"position\":1,\"name\":\"Home\",\"item\":\"https:\/\/cpsconveyors.com.au\/\"},{\"@type\":\"ListItem\",\"position\":2,\"name\":\"Sustainability\"}]},{\"@type\":\"WebSite\",\"@id\":\"https:\/\/cpsconveyors.com.au\/#website\",\"url\":\"https:\/\/cpsconveyors.com.au\/\",\"name\":\"CPS Conveyors | Conveyor Product and Solutions\",\"description\":\"\",\"publisher\":{\"@id\":\"https:\/\/cpsconveyors.com.au\/#organization\"},\"potentialAction\":[{\"@type\":\"SearchAction\",\"target\":{\"@type\":\"EntryPoint\",\"urlTemplate\":\"https:\/\/cpsconveyors.com.au\/?s={search_term_string}\"},\"query-input\":{\"@type\":\"PropertyValueSpecification\",\"valueRequired\":true,\"valueName\":\"search_term_string\"}}],\"inLanguage\":\"es-CL\"},{\"@type\":\"Organization\",\"@id\":\"https:\/\/cpsconveyors.com.au\/#organization\",\"name\":\"CPS Conveyors | Conveyor Product and Solutions\",\"url\":\"https:\/\/cpsconveyors.com.au\/\",\"logo\":{\"@type\":\"ImageObject\",\"inLanguage\":\"es-CL\",\"@id\":\"https:\/\/cpsconveyors.com.au\/#\/schema\/logo\/image\/\",\"url\":\"https:\/\/cpsconveyors.com.au\/wp-content\/uploads\/2023\/08\/CPS-Logo.png\",\"contentUrl\":\"https:\/\/cpsconveyors.com.au\/wp-content\/uploads\/2023\/08\/CPS-Logo.png\",\"width\":270,\"height\":75,\"caption\":\"CPS Conveyors | Conveyor Product and Solutions\"},\"image\":{\"@id\":\"https:\/\/cpsconveyors.com.au\/#\/schema\/logo\/image\/\"}}]}<\/script>\n<!-- \/ Yoast SEO plugin. -->","yoast_head_json":{"title":"Sustainability | CPS Conveyors Australia","description":"CPS Conveyors is committed to sustainable conveyor manufacturing through lightweight composite rollers, solar energy, carbon reduction, and the Trillion Trees sponsorship program.","robots":{"index":"index","follow":"follow","max-snippet":"max-snippet:-1","max-image-preview":"max-image-preview:large","max-video-preview":"max-video-preview:-1"},"canonical":"https:\/\/cpsconveyors.com.au\/es\/sustainability\/","og_locale":"es_ES","og_type":"article","og_title":"Sustainability | CPS Conveyors Australia","og_description":"CPS Conveyors is committed to sustainable conveyor manufacturing through lightweight composite rollers, solar energy, carbon reduction, and the Trillion Trees sponsorship program.","og_url":"https:\/\/cpsconveyors.com.au\/es\/sustainability\/","og_site_name":"CPS Conveyors | Conveyor Product and Solutions","article_modified_time":"2026-04-03T06:37:15+00:00","og_image":[{"url":"https:\/\/wpstaq-ap-southeast-2-media.s3.amazonaws.com\/cps-testserver\/wp-content\/uploads\/media\/2024\/03\/CPS-21st-Anniversary-Logo_APAC.png","type":"","width":"","height":""}],"twitter_card":"summary_large_image","twitter_misc":{"Tiempo estimado de lectura":"5 minutos"},"schema":{"@context":"https:\/\/schema.org","@graph":[{"@type":"WebPage","@id":"https:\/\/cpsconveyors.com.au\/sustainability\/","url":"https:\/\/cpsconveyors.com.au\/sustainability\/","name":"Sustainability | CPS Conveyors Australia","isPartOf":{"@id":"https:\/\/cpsconveyors.com.au\/#website"},"primaryImageOfPage":{"@id":"https:\/\/cpsconveyors.com.au\/sustainability\/#primaryimage"},"image":{"@id":"https:\/\/cpsconveyors.com.au\/sustainability\/#primaryimage"},"thumbnailUrl":"https:\/\/wpstaq-ap-southeast-2-media.s3.amazonaws.com\/cps-testserver\/wp-content\/uploads\/media\/2024\/03\/CPS-21st-Anniversary-Logo_APAC.png","datePublished":"2023-09-04T02:37:43+00:00","dateModified":"2026-04-03T06:37:15+00:00","description":"CPS Conveyors is committed to sustainable conveyor manufacturing through lightweight composite rollers, solar energy, carbon reduction, and the Trillion Trees sponsorship program.","breadcrumb":{"@id":"https:\/\/cpsconveyors.com.au\/sustainability\/#breadcrumb"},"inLanguage":"es-CL","potentialAction":[{"@type":"ReadAction","target":["https:\/\/cpsconveyors.com.au\/sustainability\/"]}]},{"@type":"ImageObject","inLanguage":"es-CL","@id":"https:\/\/cpsconveyors.com.au\/sustainability\/#primaryimage","url":"https:\/\/wpstaq-ap-southeast-2-media.s3.amazonaws.com\/cps-testserver\/wp-content\/uploads\/media\/2024\/03\/CPS-21st-Anniversary-Logo_APAC.png","contentUrl":"https:\/\/wpstaq-ap-southeast-2-media.s3.amazonaws.com\/cps-testserver\/wp-content\/uploads\/media\/2024\/03\/CPS-21st-Anniversary-Logo_APAC.png"},{"@type":"BreadcrumbList","@id":"https:\/\/cpsconveyors.com.au\/sustainability\/#breadcrumb","itemListElement":[{"@type":"ListItem","position":1,"name":"Home","item":"https:\/\/cpsconveyors.com.au\/"},{"@type":"ListItem","position":2,"name":"Sustainability"}]},{"@type":"WebSite","@id":"https:\/\/cpsconveyors.com.au\/#website","url":"https:\/\/cpsconveyors.com.au\/","name":"CPS Conveyors | Conveyor Product and Solutions","description":"","publisher":{"@id":"https:\/\/cpsconveyors.com.au\/#organization"},"potentialAction":[{"@type":"SearchAction","target":{"@type":"EntryPoint","urlTemplate":"https:\/\/cpsconveyors.com.au\/?s={search_term_string}"},"query-input":{"@type":"PropertyValueSpecification","valueRequired":true,"valueName":"search_term_string"}}],"inLanguage":"es-CL"},{"@type":"Organization","@id":"https:\/\/cpsconveyors.com.au\/#organization","name":"CPS Conveyors | Conveyor Product and Solutions","url":"https:\/\/cpsconveyors.com.au\/","logo":{"@type":"ImageObject","inLanguage":"es-CL","@id":"https:\/\/cpsconveyors.com.au\/#\/schema\/logo\/image\/","url":"https:\/\/cpsconveyors.com.au\/wp-content\/uploads\/2023\/08\/CPS-Logo.png","contentUrl":"https:\/\/cpsconveyors.com.au\/wp-content\/uploads\/2023\/08\/CPS-Logo.png","width":270,"height":75,"caption":"CPS Conveyors | Conveyor Product and Solutions"},"image":{"@id":"https:\/\/cpsconveyors.com.au\/#\/schema\/logo\/image\/"}}]}},"uagb_featured_image_src":{"full":false,"thumbnail":false,"medium":false,"medium_large":false,"large":false,"1536x1536":false,"2048x2048":false,"trp-custom-language-flag":false,"gform-image-choice-sm":false,"gform-image-choice-md":false,"gform-image-choice-lg":false},"uagb_author_info":{"display_name":"CPS Conveyors","author_link":"https:\/\/cpsconveyors.com.au\/es\/author\/teamagency\/"},"uagb_comment_info":0,"uagb_excerpt":"Sustainability CPS leads the industry with cost effective, highly energy efficient and reliable conveyor design, further imbedding CPS as a pioneer of sustainable engineering in the conveyor industry. Quality = Environmentally Friendly Although CPS has always had a long term, sustainability approach to business, the CPS Green Plan was developed in 2020 to enhance the&hellip;","_links":{"self":[{"href":"https:\/\/cpsconveyors.com.au\/es\/wp-json\/wp\/v2\/pages\/3403","targetHints":{"allow":["GET"]}}],"collection":[{"href":"https:\/\/cpsconveyors.com.au\/es\/wp-json\/wp\/v2\/pages"}],"about":[{"href":"https:\/\/cpsconveyors.com.au\/es\/wp-json\/wp\/v2\/types\/page"}],"author":[{"embeddable":true,"href":"https:\/\/cpsconveyors.com.au\/es\/wp-json\/wp\/v2\/users\/1"}],"replies":[{"embeddable":true,"href":"https:\/\/cpsconveyors.com.au\/es\/wp-json\/wp\/v2\/comments?post=3403"}],"version-history":[{"count":1,"href":"https:\/\/cpsconveyors.com.au\/es\/wp-json\/wp\/v2\/pages\/3403\/revisions"}],"predecessor-version":[{"id":13884,"href":"https:\/\/cpsconveyors.com.au\/es\/wp-json\/wp\/v2\/pages\/3403\/revisions\/13884"}],"wp:attachment":[{"href":"https:\/\/cpsconveyors.com.au\/es\/wp-json\/wp\/v2\/media?parent=3403"}],"curies":[{"name":"wp","href":"https:\/\/api.w.org\/{rel}","templated":true}]}}